{"id":3,"date":"2021-03-04T03:57:43","date_gmt":"2021-03-04T00:57:43","guid":{"rendered":"https:\/\/moonlight-travel.com.tr\/?page_id=3"},"modified":"2026-04-16T14:10:46","modified_gmt":"2026-04-16T11:10:46","slug":"gizlilik-politikasi","status":"publish","type":"page","link":"https:\/\/bluestormtransfer.com\/tr\/privacy-policy\/","title":{"rendered":"Gizlilik Politikas\u0131"},"content":{"rendered":"<div class=\"brz-root__container brz-reset-all brz brz-root__container-page\">\n<section id=\"a62a2f0049626219276b_qqpewkmvokdbttoktvgyjtqxwkuugdalrify\" class=\"brz-section brz-css-pz339u\">\n<div class=\"brz-section__content brz-section--boxed brz-css-1ebwj62 brz-css-q2h5p4\" data-brz-custom-id=\"tksozhdtpkfrqngbqeenxpikzyduvlmhqupv\">\n<div class=\"brz-bg\">\n<div class=\"brz-bg-color\"><\/div>\n<\/div>\n<div class=\"brz-container brz-css-sy8aaq\">\n<div id=\"\" class=\"brz-css-1p9jy8b brz-wrapper\">\n<div class=\"brz-wp-title brz-css-c37nws brz-css-1vhqoej\" data-brz-custom-id=\"hheglgmijmjirgasdpkwemtcqnhdbtsbmkjb\"><span class=\"brz-wp-title-content\" style=\"min-height:20px\">Gizlilik Politikas\u0131<\/span><\/div>\n<\/div>\n<div id=\"\" class=\"brz-css-1p9jy8b brz-wrapper\">\n<div class=\"brz-rich-text brz-rich-text__custom brz-css-160jfc6\" data-brz-custom-id=\"klhwccexsgjkxehhipymlxvjsbdogqhivhss\">\n<div data-brz-translate-text=\"1\">\n<p class=\"brz-tp-lg-paragraph brz-css-xsyHN\" data-generated-css=\"brz-css-uLjwe\" data-uniq-id=\"z2mDa\"><strong>Biz Kimiz<\/strong><\/p>\n<p class=\"brz-tp-lg-paragraph brz-css-c2VcH\" data-generated-css=\"brz-css-a84Sn\" data-uniq-id=\"tSOHl\">Web sitemizin adresi: https:\/\/bluestormtransfer.com<\/p>\n<p class=\"brz-tp-lg-paragraph brz-css-kEfaS\" data-generated-css=\"brz-css-x1jmq\" data-uniq-id=\"cUaM5\"><\/p>\n<p class=\"brz-tp-lg-paragraph brz-css-nILCl\" data-generated-css=\"brz-css-wsJWl\" data-uniq-id=\"fR2B7\"><strong>Hangi ki\u015fisel bilgileri hangi ama\u00e7la topluyoruz?<\/strong><\/p>\n<p class=\"brz-tp-lg-paragraph brz-css-dB9xF\" data-generated-css=\"brz-css-fa9o1\" data-uniq-id=\"skMPM\"><strong>Yorumlar<\/strong><\/p>\n<p class=\"brz-tp-lg-paragraph brz-css-gwOd8\" data-generated-css=\"brz-css-jQSXS\" data-uniq-id=\"mySMY\">Ziyaret\u00e7iler sitede yorum b\u0131rakt\u0131\u011f\u0131nda yorum formunda g\u00f6r\u00fcnt\u00fclenen verileri ve ayr\u0131ca spam tespitine yard\u0131mc\u0131 olmak amac\u0131yla ziyaret\u00e7inin IP adresini ve taray\u0131c\u0131 bilgi metnini toplar\u0131z.<\/p>\n<p class=\"brz-tp-lg-paragraph brz-css-ur38d\" data-generated-css=\"brz-css-lDRqa\" data-uniq-id=\"nEDv7\"><\/p>\n<p class=\"brz-tp-lg-paragraph brz-css-bhUZv\" data-generated-css=\"brz-css-nat10\" data-uniq-id=\"jbSaZ\">E-posta adresinizden olu\u015fturulan anonimle\u015ftirilmi\u015f bir metin (hash olarak da bilinir), hizmeti kullan\u0131p kullanmad\u0131\u011f\u0131n\u0131z\u0131 g\u00f6rmek i\u00e7in Gravatar hizmetine sa\u011flanabilir. Gravatar hizmetinin gizlilik politikas\u0131na https:\/\/automattic.com\/privacy\/ adresinden ula\u015f\u0131labilir. Yorumunuz onayland\u0131ktan sonra yorumunuzla birlikte profil resminiz de herkes taraf\u0131ndan g\u00f6r\u00fclebilecektir.<\/p>\n<p class=\"brz-tp-lg-paragraph brz-css-wRQ07\" data-generated-css=\"brz-css-p6yvx\" data-uniq-id=\"j4kxE\"><\/p>\n<p class=\"brz-tp-lg-paragraph brz-css-mXubE\" data-generated-css=\"brz-css-uQEzj\" data-uniq-id=\"zSg29\"><strong>\u00c7evre<\/strong><\/p>\n<p class=\"brz-tp-lg-paragraph brz-css-sjE4h\" data-generated-css=\"brz-css-pJvHB\" data-uniq-id=\"gJs66\">Web sitesine g\u00f6rsel y\u00fcklerseniz, g\u00f6m\u00fcl\u00fc konum verileri (EXIF GPS) i\u00e7eren g\u00f6rseller y\u00fcklemekten ka\u00e7\u0131nmal\u0131s\u0131n\u0131z. Web sitesi ziyaret\u00e7ileri, web sitesindeki g\u00f6rsellerden herhangi bir konum bilgisini indirebilir ve \u00e7\u0131karabilir.<\/p>\n<p class=\"brz-tp-lg-paragraph brz-css-pbscu\" data-generated-css=\"brz-css-sotVJ\" data-uniq-id=\"zjK5g\"><\/p>\n<p class=\"brz-tp-lg-paragraph brz-css-yVe_6\" data-generated-css=\"brz-css-muNfT\" data-uniq-id=\"vlIzr\"><strong>\u0130leti\u015fim formlar\u0131<\/strong><\/p>\n<p class=\"brz-tp-lg-paragraph brz-css-cL4wy\" data-generated-css=\"brz-css-b5l3g\" data-uniq-id=\"uyPGC\"><strong>Kurabiye<\/strong><\/p>\n<p class=\"brz-tp-lg-paragraph brz-css-kw9Z4\" data-generated-css=\"brz-css-pvENA\" data-uniq-id=\"viToE\">Sitemize yorum b\u0131rak\u0131rsan\u0131z ad\u0131n\u0131z\u0131, e-posta adresinizi ve web sitenizi \u00e7erezlere kaydetmeyi se\u00e7ebilirsiniz. Bunlar size kolayl\u0131k sa\u011flamak i\u00e7indir, b\u00f6ylece ba\u015fka bir yorum b\u0131rakt\u0131\u011f\u0131n\u0131zda bilgilerinizi tekrar doldurman\u0131za gerek kalmaz. Bu \u00e7erezler bir y\u0131l s\u00fcreyle kal\u0131r.<\/p>\n<p class=\"brz-tp-lg-paragraph brz-css-lnJ5K\" data-generated-css=\"brz-css-gtMaq\" data-uniq-id=\"i6dEQ\"><\/p>\n<p class=\"brz-tp-lg-paragraph brz-css-ySn69\" data-generated-css=\"brz-css-cljbZ\" data-uniq-id=\"o95MD\">Ana sayfam\u0131z\u0131 ziyaret etti\u011finizde taray\u0131c\u0131n\u0131z\u0131n \u00e7erezleri kabul edip etmedi\u011fini belirlemek i\u00e7in ge\u00e7ici bir \u00e7erez yerle\u015ftirece\u011fiz. Bu \u00e7erez herhangi bir ki\u015fisel veri i\u00e7ermez ve taray\u0131c\u0131n\u0131z\u0131 kapatt\u0131\u011f\u0131n\u0131zda at\u0131l\u0131r.<\/p>\n<p class=\"brz-tp-lg-paragraph brz-css-dcuZ2\" data-generated-css=\"brz-css-iBclI\" data-uniq-id=\"aSrUv\"><\/p>\n<p class=\"brz-tp-lg-paragraph brz-css-k11MC\" data-generated-css=\"brz-css-vSHNF\" data-uniq-id=\"wPxat\">Giri\u015f yapt\u0131\u011f\u0131n\u0131zda, giri\u015f bilgilerinizi ve ekran g\u00f6r\u00fcn\u00fcm\u00fc se\u00e7iminizi kaydetmek i\u00e7in birka\u00e7 \u00e7erez kaydedece\u011fiz. Giri\u015f \u00e7erezleri iki g\u00fcn, ekran se\u00e7enekleri \u00e7erezleri ise bir y\u0131l s\u00fcreyle kal\u0131r. Beni hat\u0131rla se\u00e7ene\u011fini se\u00e7in, giri\u015finiz iki hafta s\u00fcrecektir. Hesab\u0131n\u0131zdan \u00e7\u0131k\u0131\u015f yaparsan\u0131z giri\u015f \u00e7erezleri kald\u0131r\u0131lacakt\u0131r.<\/p>\n<p class=\"brz-tp-lg-paragraph brz-css-nGJ7s\" data-generated-css=\"brz-css-xQqYN\" data-uniq-id=\"tLfYG\"><\/p>\n<p class=\"brz-tp-lg-paragraph brz-css-csxKY\" data-generated-css=\"brz-css-mT0Zo\" data-uniq-id=\"bEUBl\">Bir makaleyi d\u00fczenler veya yay\u0131nlarsan\u0131z taray\u0131c\u0131n\u0131za ek bir \u00e7erez kaydedilir. Bu \u00e7erez herhangi bir ki\u015fisel veri i\u00e7ermez ve yaln\u0131zca d\u00fczenledi\u011finiz makalenin g\u00f6nderi kimli\u011fini g\u00f6sterir. 1 g\u00fcn sonra sona erer.<\/p>\n<p class=\"brz-tp-lg-paragraph brz-css-gF2UV\" data-generated-css=\"brz-css-yXhvM\" data-uniq-id=\"xJDbT\"><\/p>\n<p class=\"brz-tp-lg-paragraph brz-css-uEJJ2\" data-generated-css=\"brz-css-hvo3C\" data-uniq-id=\"wKq7M\"><\/p>\n<p class=\"brz-tp-lg-paragraph brz-css-dNJ6Q\" data-generated-css=\"brz-css-nfcdK\" data-uniq-id=\"e5X8b\"><strong>Di\u011fer sitelerden yerle\u015ftirilmi\u015f i\u00e7erik<\/strong><\/p>\n<p class=\"brz-tp-lg-paragraph brz-css-uuvql\" data-generated-css=\"brz-css-bAKYG\" data-uniq-id=\"epWRh\">Bu sitedeki makaleler g\u00f6m\u00fcl\u00fc i\u00e7erik (\u00f6rne\u011fin videolar, resimler, makaleler vb.) i\u00e7erebilir. Di\u011fer web sitelerinden eklenen i\u00e7erik, ziyaret\u00e7inin di\u011fer web sitesini ziyaret etmi\u015f gibi tamamen ayn\u0131 \u015fekilde davran\u0131r.<\/p>\n<p class=\"brz-tp-lg-paragraph brz-css-w2Ceo\" data-generated-css=\"brz-css-zOtzg\" data-uniq-id=\"x4HTK\"><\/p>\n<p class=\"brz-tp-lg-paragraph brz-css-nYC6r\" data-generated-css=\"brz-css-m014g\" data-uniq-id=\"t7vL7\">Bu web siteleri sizin hakk\u0131n\u0131zda veri toplayabilir, \u00e7erez kullanabilir, yerle\u015fik \u00fc\u00e7\u00fcnc\u00fc taraf izlemesi yapabilir ve bir hesab\u0131n\u0131z varsa ve bu web sitesinde oturum a\u00e7m\u0131\u015fsan\u0131z, g\u00f6m\u00fcl\u00fc i\u00e7erikle etkile\u015fiminizi izlemek de dahil olmak \u00fczere, bu g\u00f6m\u00fcl\u00fc i\u00e7erikle etkile\u015fiminizi izleyebilir.<\/p>\n<p class=\"brz-tp-lg-paragraph brz-css-bws5w\" data-generated-css=\"brz-css-j49RK\" data-uniq-id=\"wJaCJ\"><\/p>\n<p class=\"brz-tp-lg-paragraph brz-css-j2_Zc\" data-generated-css=\"brz-css-z71HE\" data-uniq-id=\"jlEy8\"><strong>Analiz<\/strong><\/p>\n<p class=\"brz-tp-lg-paragraph brz-css-eFSQ3\" data-generated-css=\"brz-css-l2WgN\" data-uniq-id=\"crojV\"><strong>Verilerinizi kimlerle payla\u015f\u0131yoruz<\/strong><\/p>\n<p class=\"brz-tp-lg-paragraph brz-css-nZNFh\" data-generated-css=\"brz-css-gZTcK\" data-uniq-id=\"tv6E4\">\u015eifre s\u0131f\u0131rlama talebinde bulundu\u011funuzda, IP adresiniz s\u0131f\u0131rlama e-postas\u0131na dahil edilir.<\/p>\n<p class=\"brz-tp-lg-paragraph brz-css-rwQJQ\" data-generated-css=\"brz-css-olCkB\" data-uniq-id=\"vgbF1\"><\/p>\n<p class=\"brz-tp-lg-paragraph brz-css-eGp4X\" data-generated-css=\"brz-css-ncfdd\" data-uniq-id=\"tUdgD\"><strong>Verilerinizi ne kadar s\u00fcre sakl\u0131yoruz<\/strong><\/p>\n<p class=\"brz-tp-lg-paragraph brz-css-woxl0\" data-generated-css=\"brz-css-z4QXR\" data-uniq-id=\"nqrCI\">Bir yorum b\u0131rak\u0131rsan\u0131z yorum ve meta verileri s\u00fcresiz olarak saklan\u0131r. Bu sayede takip yorumlar\u0131n\u0131z\u0131 denetleme kuyru\u011funda tutmak yerine otomatik olarak tan\u0131y\u0131p onaylayabiliriz.<\/p>\n<p class=\"brz-tp-lg-paragraph brz-css-mE1WO\" data-generated-css=\"brz-css-f3xDk\" data-uniq-id=\"a24_0\"><\/p>\n<p class=\"brz-tp-lg-paragraph brz-css-hAmjO\" data-generated-css=\"brz-css-oNYyi\" data-uniq-id=\"pU26S\">Web sitemize kay\u0131t olan kullan\u0131c\u0131lar i\u00e7in (varsa), sa\u011flad\u0131klar\u0131 ki\u015fisel bilgileri kullan\u0131c\u0131 profillerinde de sakl\u0131yoruz. T\u00fcm kullan\u0131c\u0131lar, ki\u015fisel bilgilerini istedikleri zaman g\u00f6r\u00fcnt\u00fcleyebilir, d\u00fczenleyebilir veya silebilir (kullan\u0131c\u0131 adlar\u0131n\u0131n de\u011fi\u015ftirilmesi hari\u00e7). Web sitesi y\u00f6neticileri de bu bilgileri g\u00f6r\u00fcnt\u00fcleyebilir ve d\u00fczenleyebilir.<\/p>\n<p class=\"brz-tp-lg-paragraph brz-css-dba4d\" data-generated-css=\"brz-css-iIe_T\" data-uniq-id=\"zcUsV\"><\/p>\n<p class=\"brz-tp-lg-paragraph brz-css-qTMND\" data-generated-css=\"brz-css-oLpiE\" data-uniq-id=\"vOKOh\"><strong>Verileriniz \u00fczerindeki haklar\u0131n\u0131z nelerdir?<\/strong><\/p>\n<p class=\"brz-tp-lg-paragraph brz-css-n0iRa\" data-generated-css=\"brz-css-ylPyD\" data-uniq-id=\"r02pV\">Bu sitede bir hesab\u0131n\u0131z veya yorumlar\u0131n\u0131z varsa, bize sa\u011flad\u0131\u011f\u0131n\u0131z veriler de dahil olmak \u00fczere hakk\u0131n\u0131zda tuttu\u011fumuz ki\u015fisel verilerin d\u0131\u015fa aktar\u0131lm\u0131\u015f bir dosyas\u0131n\u0131 almay\u0131 talep edebilirsiniz. Ayr\u0131ca hakk\u0131n\u0131zda tuttu\u011fumuz t\u00fcm ki\u015fisel verilerin silinmesini de talep edebilirsiniz. Bu, idari, hukuki veya g\u00fcvenlik ama\u00e7lar\u0131yla uymam\u0131z gereken hi\u00e7bir veriyi i\u00e7ermez.<\/p>\n<p class=\"brz-tp-lg-paragraph brz-css-vB4UR\" data-generated-css=\"brz-css-a1hdP\" data-uniq-id=\"q7ZPh\"><\/p>\n<p class=\"brz-tp-lg-paragraph brz-css-bEne_\" data-generated-css=\"brz-css-xEtO9\" data-uniq-id=\"aEmJv\"><strong>Verilerinizi nereye g\u00f6nderiyoruz<\/strong><\/p>\n<p class=\"brz-tp-lg-paragraph brz-css-o5dRu\" data-generated-css=\"brz-css-gA5O7\" data-uniq-id=\"e8la1\">Ziyaret\u00e7i yorumlar\u0131 otomatik spam tespit hizmeti arac\u0131l\u0131\u011f\u0131yla kontrol edilebilir.<\/p>\n<p class=\"brz-tp-lg-paragraph brz-css-oqTYa\" data-generated-css=\"brz-css-qYs_J\" data-uniq-id=\"uVSqH\"><\/p>\n<p class=\"brz-tp-lg-paragraph brz-css-dIS7L\" data-generated-css=\"brz-css-sqkKc\" data-uniq-id=\"gWgly\"><strong>\u0130leti\u015fim Bilgileriniz<\/strong><\/p>\n<p class=\"brz-tp-lg-paragraph brz-css-vkrFr\" data-generated-css=\"brz-css-hdOxG\" data-uniq-id=\"iJWuh\">Ek Bilgiler<\/p>\n<p class=\"brz-tp-lg-paragraph brz-css-akNc7\" data-generated-css=\"brz-css-fQiwV\" data-uniq-id=\"kaVj6\">Verilerinizi nas\u0131l koruyoruz<\/p>\n<p class=\"brz-tp-lg-paragraph brz-css-n2JS1\" data-generated-css=\"brz-css-k_N7U\" data-uniq-id=\"o3ddv\">Hangi veri ihlali prosed\u00fcrlerimiz var?<\/p>\n<p class=\"brz-tp-lg-paragraph brz-css-ehbnF\" data-generated-css=\"brz-css-zY8Dn\" data-uniq-id=\"qaTDq\">Hangi \u00fc\u00e7\u00fcnc\u00fc taraflardan veri al\u0131yoruz<\/p>\n<p class=\"brz-tp-lg-paragraph brz-css-wUaaU\" data-generated-css=\"brz-css-s4vcB\" data-uniq-id=\"oY8Ac\">Kullan\u0131c\u0131 verileriyle ne t\u00fcr otomatik karar verme ve\/veya profil olu\u015fturma yap\u0131yoruz?<\/p>\n<p class=\"brz-tp-lg-paragraph brz-css-zWAsy\" data-uniq-id=\"lAsg5\" data-generated-css=\"brz-css-nG7rK\">Sanayi Bakanl\u0131\u011f\u0131n\u0131n kamuoyunu bilgilendirme y\u00fck\u00fcml\u00fcl\u00fc\u011f\u00fc<\/p>\n<\/div>\n<\/div>\n<\/div>\n<\/div>\n<\/div>\n<\/section>\n<\/div>\n<p>    <!-- version:1740959362 --><\/p>","protected":false},"excerpt":{"rendered":"<p>Biz kimiz Web sitemizin adresi: https:\/\/bluestormtransfer.com Hangi ki\u015fisel bilgileri hangi ama\u00e7la topluyoruz? Yorumlar Ziyaret\u00e7iler sitede yorum b\u0131rakt\u0131\u011f\u0131nda, spam tespitine yard\u0131mc\u0131 olmak i\u00e7in yorum formunda g\u00f6r\u00fcnt\u00fclenen verileri ve ayr\u0131ca ziyaret\u00e7inin IP adresini ve taray\u0131c\u0131 bilgi metnini toplar\u0131z. Anonimle\u015ftirilmi\u015f bir metin (ayr\u0131ca [\u2026]<\/p>","protected":false},"author":1,"featured_media":0,"parent":0,"menu_order":0,"comment_status":"closed","ping_status":"open","template":"brizy-blank-template.php","meta":{"footnotes":""},"class_list":["post-3","page","type-page","status-publish","hentry"],"brizy_media":[],"_links":{"self":[{"href":"https:\/\/bluestormtransfer.com\/tr\/wp-json\/wp\/v2\/pages\/3","targetHints":{"allow":["GET"]}}],"collection":[{"href":"https:\/\/bluestormtransfer.com\/tr\/wp-json\/wp\/v2\/pages"}],"about":[{"href":"https:\/\/bluestormtransfer.com\/tr\/wp-json\/wp\/v2\/types\/page"}],"author":[{"embeddable":true,"href":"https:\/\/bluestormtransfer.com\/tr\/wp-json\/wp\/v2\/users\/1"}],"replies":[{"embeddable":true,"href":"https:\/\/bluestormtransfer.com\/tr\/wp-json\/wp\/v2\/comments?post=3"}],"version-history":[{"count":0,"href":"https:\/\/bluestormtransfer.com\/tr\/wp-json\/wp\/v2\/pages\/3\/revisions"}],"wp:attachment":[{"href":"https:\/\/bluestormtransfer.com\/tr\/wp-json\/wp\/v2\/media?parent=3"}],"curies":[{"name":"wp","href":"https:\/\/api.w.org\/{rel}","templated":true}]}}