{"id":15904,"date":"2022-03-12T23:28:49","date_gmt":"2022-03-12T20:28:49","guid":{"rendered":"https:\/\/moonlight-travel.com.tr\/?page_id=15904"},"modified":"2026-04-16T12:41:19","modified_gmt":"2026-04-16T09:41:19","slug":"oteltransferi","status":"publish","type":"page","link":"https:\/\/bluestormtransfer.com\/tr\/hoteltransfer\/","title":{"rendered":"Otel Transferi"},"content":{"rendered":"<div class=\"brz-root__container brz-reset-all brz brz-root__container-page\">\n<section id=\"form\" class=\"brz-section brz-css-1imc9oe\">\n<div class=\"brz-section__content brz-section--boxed brz-css-19pssjg brz-css-1wn0kga\" data-brz-custom-id=\"nphzwsnszegtbqgtfpamaockkthtamhcuckd\">\n<div class=\"brz-bg\">\n<div class=\"brz-bg-color\"><\/div>\n<\/div>\n<div class=\"brz-container brz-css-ms5rrt\">\n<div id=\"\" class=\"brz-css-m4srfz brz-css-jk83yt brz-wrapper\">\n<div class=\"brz-rich-text brz-rich-text__custom brz-css-8fc4xp\" data-brz-custom-id=\"whkcbehtilhsbcrnmjwhzbqcpkamgzbuuolo\">\n<div data-brz-translate-text=\"1\">\n<h1 class=\"brz-bcp-empty brz-fsft-lg-0 brz-fwdth-lg-100 brz-vfw-lg-400 brz-ls-lg-0 brz-lh-lg-1_3 brz-fw-lg-400 brz-fss-lg-px brz-fs-lg-16 brz-ft-google brz-tp-lg-heading2 brz-ff-lato brz-text-lg-center brz-css-iBsT3\" data-uniq-id=\"uMMzC\" data-generated-css=\"brz-css-xqV3q\"><span class=\"brz-cp-color1\"><span class=\"text-gradient brz-image-gradient\" data-gradient_type=\"linear-gradient\" data-gradient_radial_position=\"90\" data-gradient_linear_angle=\"150\" data-gradient_start_pointer=\"34\" data-gradient_finish_pointer=\"68\" data-gradient_active_pointer=\"finishPointer\" data-gradient_start_hex=\"#02D2B4\" data-gradient_finish_hex=\"#0076F9\" data-gradient_start_opacity=\"1\" data-gradient_finish_opacity=\"1\" data-gradient_start_palette=\"color1\" data-gradient_finish_palette=\"color3\">Otel Transferi<\/span><\/span><\/h1>\n<\/div>\n<\/div>\n<\/div>\n<div id=\"\" class=\"brz-css-m4srfz brz-css-10vvpez brz-wrapper\">\n<div class=\"brz-rich-text brz-rich-text__custom brz-css-8fc4xp\" data-brz-custom-id=\"tflwdxrnqhgxlanxadgitamigsgdhuzmsgmd\">\n<div data-brz-translate-text=\"1\">\n<p class=\"brz-text-lg-center brz-tp-lg-paragraph brz-mb-lg-0 brz-css-wvEgL\" data-generated-css=\"brz-css-rDSSt\" data-uniq-id=\"blDB1\"><span class=\"brz-cp-color7\">Otel Transferi Al\u0131\u015f yerini (veya &#039;Konumumu Kullan&#039;\u0131), var\u0131\u015f yerini, seyahat tarihini ve saatini, transfer t\u00fcr\u00fcn\u00fc ve yolcu say\u0131s\u0131n\u0131 se\u00e7in, ard\u0131ndan arac\u0131n\u0131z\u0131 se\u00e7mek i\u00e7in t\u0131klay\u0131n. \ud83d\udc4d<\/span><\/p>\n<\/div>\n<\/div>\n<\/div>\n<div id=\"\" class=\"brz-css-m4srfz brz-css-1bzzv1g brz-wrapper\">\n<div class=\"brz-wp-shortcode brz-css-hi8i1c\" data-brz-custom-id=\"sjlpmjwhunghcsfvtvnxrklgriwbcdhvgolm\">\n<div>\t\t<div class=\"chbs-main chbs-booking-form-id-15901 chbs-clear-fix chbs-hidden chbs-summary-sidebar-sticky\" id=\"chbs_booking_form_F08C76834092F71665E9901143FC1E37\">\n\t\t\t\n\t\t\t<form name=\"chbs-form\" method=\"POST\" target=\"_self\" action=\"\">\n\t\t\t\t\n\t\t\t\t<div class=\"chbs-notice-fixed chbs-hidden\">\n\t\t\t\t\t<div>\n\t\t\t\t\t\t<span><\/span>\n\t\t\t\t\t\t<span><a href=\"#\" title=\"Bu \u00e7ubu\u011fu kapat\u0131n.\">[Kapat]<\/a><\/span>\n\t\t\t\t\t<\/div>\n\t\t\t\t<\/div>\t\t\t\t\n\t\t\t\t\n\t\t\t\t<div class=\"chbs-main-content chbs-clear-fix\">\n \n\t\t\t\t\t<div class=\"chbs-main-content-step-1\">\n\t\t<div class=\"chbs-notice chbs-hidden\"><\/div>\n\t\t<div class=\"chbs-layout-50x50 chbs-clear-fix\">\n\n\t\t\t<div class=\"chbs-layout-column-left\">\n\t\t\t\n\t\t\t\t<div class=\"chbs-tab chbs-box-shadow\">\n\n\t\t\t\t\t<ul class=\"chbs-hidden\">\n\t\t\t\t\t\t<li data-id=\"1\"><a href=\"#panel-1\">Mesafe<\/a><\/li>\n\t\t\t\t\t<\/ul>\n\t\t\t\t\t<div id=\"panel-1\">\n\t\t\t\t\t\t<label class=\"chbs-form-label-group\">Kurye Detaylar\u0131<\/label>\n\t\t\t\t\t\t<div class=\"chbs-form-field chbs-form-field-location-autocomplete chbs-form-field-location-switch chbs-form-field-waypoint chbs-hidden\">\n\t\t\t\t\t\t\t<label>Yol noktas\u0131<\/label>\n\t\t\t\t\t\t\t<span class=\"chbs-meta-icon-2 chbs-meta-icon-2-location-1\"><\/span>\n\t\t\t\t\t\t\t<input type=\"text\" autocomplete=\"off\" name=\"chbs_waypoint_location_service_type_1[]\" placeholder=\"Bir Konum Girin\"\/>\n\t\t\t\t\t\t\t<input type=\"hidden\" name=\"chbs_waypoint_location_coordinate_service_type_1[]\"\/>\n\t\t\t\t\t\t\t<span class=\"chbs-location-add chbs-meta-icon-plus\"><\/span>\n\t\t\t\t\t\t\t<span class=\"chbs-location-remove chbs-meta-icon-minus\"><\/span>\n\t\t\t\t\t\t<\/div>  \n\t\t\t\t\t\t<div class=\"chbs-form-field chbs-form-field-location-autocomplete chbs-form-field-pickup-location chbs-form-field-location-switch\" data-label-waypoint=\"Waypoint\">\n\t\t\t\t\t\t\t<label>\n\t\t\t\t\t\t\t\tNereden\t\t\t\t\t\t\t\t<span class=\"chbs-my-location-link\">&nbsp;&nbsp;-&nbsp;&nbsp;<a href=\"#\">Konumumu kullan<\/a><\/span>\n\t\t\t\t\t\t\t\t<span class=\"chbs-tooltip chbs-meta-icon-question\" title=\"E\u015fyalar\u0131n teslim al\u0131naca\u011f\u0131 adresi giriniz.\"><\/span>\n\t\t\t\t\t\t\t<\/label>\n\t\t\t\t\t\t\t<input type=\"text\" autocomplete=\"off\" name=\"chbs_pickup_location_service_type_1\" value=\"\" placeholder=\"Bir Konum Girin\"\/>\n\t\t\t\t\t\t\t<input type=\"hidden\" name=\"chbs_pickup_location_coordinate_service_type_1\" value=\"\"\/>\n\t\t\t\t\t\t\t<span class=\"chbs-location-add chbs-meta-icon-plus\"><\/span>\n\t\t\t\t\t\t<\/div> \n\t\t\t\t\t\t<div class=\"chbs-form-field chbs-form-field-location-autocomplete chbs-form-field-dropoff-location\">\n\t\t\t\t\t\t\t<label>\n\t\t\t\t\t\t\t\tNereye\t\t\t\t\t\t\t\t<span class=\"chbs-tooltip chbs-meta-icon-question\" title=\"E\u015fyalar\u0131n teslim edilece\u011fi adresi giriniz.\"><\/span>\t\t\t\t\t\t   \n\t\t\t\t\t\t\t<\/label>\n\t\t\t\t\t\t\t<input type=\"text\" autocomplete=\"off\" name=\"chbs_dropoff_location_service_type_1\" value=\"\" placeholder=\"Bir Konum Girin\"\/>\n\t\t\t\t\t\t\t<input type=\"hidden\" name=\"chbs_dropoff_location_coordinate_service_type_1\" value=\"\"\/>\n\t\t\t\t\t\t<\/div>\n\t\t\t\t\t\t<div class=\"chbs-clear-fix chbs-form-field-pickup-date-time\">\n\n\t\t\t\t\t\t\t<div class=\"chbs-form-field chbs-form-field-width-50\">\n\t\t\t\t\t\t\t\t<label class=\"chbs-form-field-label\">\n\t\t\t\t\t\t\t\t\tRezervasyon Tarihi\t\t\t\t\t\t\t\t\t<span class=\"chbs-tooltip chbs-meta-icon-question\" title=\"Ta\u015f\u0131ma tarihini giriniz.\"><\/span>\n\t\t\t\t\t\t\t\t<\/label>\n\t\t\t\t\t\t\t\t<input type=\"text\" autocomplete=\"off\" name=\"chbs_pickup_date_service_type_1\" class=\"chbs-datepicker\" value=\"\"\/>\n\t\t\t\t\t\t\t<\/div>\n\n\t\t\t\t\t\t\t<div class=\"chbs-form-field chbs-form-field-width-50\">\n\t\t\t\t\t\t\t\t<label>\n\t\t\t\t\t\t\t\t\tRezervasyon Saati\t\t\t\t\t\t\t\t\t<span class=\"chbs-tooltip chbs-meta-icon-question\" title=\"Ta\u015f\u0131ma saatini giriniz.\"><\/span>\n\t\t\t\t\t\t\t\t<\/label>\n\t\t\t\t\t\t\t\t<input type=\"text\" autocomplete=\"off\" name=\"chbs_pickup_time_service_type_1\"  class=\"chbs-timepicker\" value=\"\"\/>\n\t\t\t\t\t\t\t<\/div>\n\t\t\t\t\t\t<\/div>\t\t\n\t\t\t\n\t\t\t\t\t\t<div class=\"chbs-form-field chbs-form-field-transfer-type\">\n\t\t\t\t\t\t\t<label>\n\t\t\t\t\t\t\t\tKurye t\u00fcr\u00fc\t\t\t\t\t\t\t\t<span class=\"chbs-tooltip chbs-meta-icon-question\" title=\"Yolculuk t\u00fcr\u00fc transfer.\"><\/span>\t\t\t\t\t \n\t\t\t\t\t\t\t<\/label>\n\t\t\t\t\t\t\t<select name=\"chbs_transfer_type_service_type_1\">\n\t\t\t\t\t\t\t\t<option value=\"1\" >Tek Y\u00f6n<\/option>\n\t\t\t\t\t\t\t\t<option value=\"2\" >D\u00f6n\u00fc\u015f<\/option>\n\t\t\t\t\t\t\t\t<option value=\"3\" >D\u00f6n\u00fc\u015f (yeni s\u00fcr\u00fc\u015f)<\/option>\n\t\t\t\t\t\t\t\n\t\t\t\t\t\t\t<\/select>\n\t\t\t\t\t\t<\/div>\n\t\t\t\t\t\t<div class=\"chbs-clear-fix chbs-form-field-return-date-time chbs-hidden\">\n\n\t\t\t\t\t\t\t<div class=\"chbs-form-field chbs-form-field-width-50\">\n\t\t\t\t\t\t\t\t<label class=\"chbs-form-field-label\">D\u00f6n\u00fc\u015f Tarihi<\/label>\n\t\t\t\t\t\t\t\t<input type=\"text\" autocomplete=\"off\" name=\"chbs_return_date_service_type_1\" class=\"chbs-datepicker\" value=\"\"\/>\n\t\t\t\t\t\t\t<\/div>\n\n\t\t\t\t\t\t\t<div class=\"chbs-form-field chbs-form-field-width-50\">\n\t\t\t\t\t\t\t\t<label>D\u00f6n\u00fc\u015f s\u00fcresi<\/label>\n\t\t\t\t\t\t\t\t<input type=\"text\" autocomplete=\"off\" name=\"chbs_return_time_service_type_1\" class=\"chbs-timepicker\" value=\"\"\/>\n\t\t\t\t\t\t\t<\/div>\n\n\t\t\t\t\t\t<\/div>\t\t\t\t\t\t\t\t  \n\t\t\t\t\t<\/div>\n\t\t  \n\t\t\t\t<\/div>\t\n\n\t\t\t<\/div>\n\t\t\t<div class=\"chbs-layout-column-right\">\n\t\t\t\t<div class=\"chbs-google-map\">\n\t\t\t\t\t<div id=\"chbs_google_map\"><\/div>\n\t\t\t\t<\/div>\n\t\t\t\t<div class=\"chbs-ride-info chbs-box-shadow\">\n\t\t\t\t\t<div>\n\t\t\t\t\t\t<span class=\"chbs-meta-icon-route\"><\/span>\n\t\t\t\t\t\t<span>Toplam Mesafe<\/span>\n\t\t\t\t\t\t<span>\n\t\t\t\t\t\t\t<span>0<\/span>\n\t\t\t\t\t\t\t<span>mi<\/span>\n\t\t\t\t\t\t<\/span>\n\t\t\t\t\t<\/div>\n\t\t\t\t\t<div>\n\t\t\t\t\t\t<span class=\"chbs-meta-icon-clock\"><\/span>\n\t\t\t\t\t\t<span>Toplam zaman<\/span>\n\t\t\t\t\t\t<span>\n\t\t\t\t\t\t\t<span>0<\/span>\n\t\t\t\t\t\t\t<span>H<\/span>\n\t\t\t\t\t\t\t<span>0<\/span>\n\t\t\t\t\t\t\t<span>M<\/span>\n\t\t\t\t\t\t<\/span>\n\t\t\t\t\t<\/div>\t\t\n\t\t\t\t<\/div>\n\t\t\t<\/div>\n\t\t<\/div>\n\t\t<div class=\"chbs-clear-fix chbs-main-content-navigation-button\">\n\t\t\t<a href=\"#\" class=\"chbs-button chbs-button-style-1 chbs-button-step-next\">\n\t\t\t\tKurye Se\u00e7\t\t\t\t<span class=\"chbs-meta-icon-arrow-horizontal-large\"><\/span>\n\t\t\t<\/a> \n\t\t<\/div>\n\t\t\t\t\t<\/div>\n \n\t\t\t\t\t<div class=\"chbs-main-content-step-2\">\n\t\t\n\t\t<div class=\"chbs-layout-25x75 chbs-clear-fix\">\n\n\t\t\t<div class=\"chbs-layout-column-left\"><\/div>\n\n\t\t\t<div class=\"chbs-layout-column-right\">\n\t\t\t\t<div class=\"chbs-notice chbs-hidden\"><\/div>\n\t\t\t\t\n\t\t\t\t<div class=\"chbs-vehicle-list\"><\/div>\n\t\t\t\n\t\t\t\t<div class=\"chbs-booking-extra\"><\/div>\n\t\t\t\t\n\t\t\t<\/div>\n\n\t\t<\/div>\n\n\t\t<div class=\"chbs-clear-fix chbs-main-content-navigation-button\">\n\t\t\t<a href=\"#\" class=\"chbs-button chbs-button-style-2 chbs-button-step-prev\">\n\t\t\t\t<span class=\"chbs-meta-icon-arrow-horizontal-large\"><\/span>\n\t\t\t\tS\u00fcr\u00fc\u015f ayr\u0131nt\u0131lar\u0131n\u0131 se\u00e7in\t\t\t<\/a> \n\t\t\t<a href=\"#\" class=\"chbs-button chbs-button-style-1 chbs-button-step-next\">\n\t\t\t\t\u0130leti\u015fim Detaylar\u0131n\u0131 Girin\t\t\t\t<span class=\"chbs-meta-icon-arrow-horizontal-large\"><\/span>\n\t\t\t<\/a> \n\t\t<\/div>\t\t\t\t\t<\/div>\n \n\t\t\t\t\t<div class=\"chbs-main-content-step-3\">\n\t\t<div class=\"chbs-layout-25x75 chbs-clear-fix\">\n\n\t\t\t<div class=\"chbs-layout-column-left\"><\/div>\n\n\t\t\t<div class=\"chbs-layout-column-right\">\n\n\t\t\t\t<div class=\"chbs-notice chbs-hidden\"><\/div>\n\n\t\t\t\t<div class=\"chbs-client-form\"><\/div>\n\n\t\t\t\t<div class=\"chbs-payment-form\"><\/div>\n\t\t\t\t\n\t\t\t<\/div>   \n\t\t\t\n\t\t<\/div>\n\n\t\t<div class=\"chbs-clear-fix chbs-main-content-navigation-button\">\n\t\t\t<a href=\"#\" class=\"chbs-button chbs-button-style-2 chbs-button-step-prev\">\n\t\t\t\t<span class=\"chbs-meta-icon-arrow-horizontal-large\"><\/span>\n\t\t\t\tKurye Se\u00e7\t\t\t<\/a> \n\t\t\t<a href=\"#\" class=\"chbs-button chbs-button-style-1 chbs-button-step-next\">\n\t\t\t\tRezervasyon Yap\t\t\t\t<span class=\"chbs-meta-icon-arrow-horizontal-large\"><\/span>\n\t\t\t<\/a> \n\t\t<\/div>\t\t\t\t\t<\/div>\n \n\t\t\t\t\t<div class=\"chbs-main-content-step-4\">\n\t\t\n\t\t<div class=\"chbs-layout-33x33x33 chbs-clear-fix\">\n\t\t\t\n\t\t\t<div class=\"chbs-notice chbs-hidden\"><\/div>\n\n\t\t\t<div class=\"chbs-layout-column-left\"><\/div>\n\n\t\t\t<div class=\"chbs-layout-column-center\"><\/div>\n\n\t\t\t<div class=\"chbs-layout-column-right\"><\/div>\n\n\t\t<\/div>\n\n\t\t<div class=\"chbs-clear-fix chbs-main-content-navigation-button\">\n\t\t\t<a href=\"#\" class=\"chbs-button chbs-button-style-2 chbs-button-step-prev\">\n\t\t\t\t<span class=\"chbs-meta-icon-arrow-horizontal-large\"><\/span>\n\t\t\t\t\t\t\t<\/a> \n\t\t\t<a href=\"#\" class=\"chbs-button chbs-button-style-1 chbs-button-step-next\">\n\t\t\t\t\t\t\t\t<span class=\"chbs-meta-icon-arrow-horizontal-large\"><\/span>\n\t\t\t<\/a> \n\t\t<\/div>\t\t\t\t\t<\/div>\n \n\t\t\t\t\t<div class=\"chbs-main-content-step-5\">\n\t\t<div class=\"chbs-clear-fix chbs-booking-complete\"> \n\t\t\t<div class=\"chbs-notice chbs-hidden\"><\/div>\n\t\t\t<div class=\"chbs-meta-icon-tick\">\n\t\t\t\t<div><\/div>\n\t\t\t\t<div><\/div>\n\t\t\t<\/div>\n\t\t\t<h3>Sipari\u015finiz i\u00e7in te\u015fekk\u00fcr ederiz<\/h3>\n\t\t\t<div class=\"chbs-booking-complete-payment\">\n\t\t\t\t<div class=\"chbs-booking-complete-payment-paypal\">\n\t\t\t\t\t<a href=\"#\" class=\"chbs-button chbs-button-style-1\">PayPal ile \u00d6deme<\/a>\t\n\t\t\t\t\t<div>\u0130\u00e7indeki \u00f6deme sayfas\u0131na y\u00f6nlendirileceksiniz <span>5<\/span>ikinci.<\/div>\n\t\t\t\t<\/div>\n\t\t\t\t<div class=\"chbs-booking-complete-payment-stripe\">\n\t\t\t\t\t<a href=\"#\" class=\"chbs-button chbs-button-style-1\">Kredi Kart\u0131 ile \u00d6deme<\/a>\n\t\t\t\t\t<div>\u0130\u00e7indeki \u00f6deme sayfas\u0131na y\u00f6nlendirileceksiniz <span>5<\/span>ikinci.<\/div>\n\t\t\t\t<\/div>\n\t\t\t\t\t\t\t\t<div class=\"chbs-booking-complete-payment-woocommerce\">\n\t\t\t\t\t<a href=\"#\" class=\"chbs-button chbs-button-style-1\">Sipari\u015f i\u00e7in \u00f6deme<\/a>\n\t\t\t\t<\/div>\t\t\t\t\n\t\t\t\t<div class=\"chbs-booking-complete-payment-cash\">\n\t\t\t\t\t<a href=\"https:\/\/bluestormtransfer.com\/tr\/\" class=\"chbs-button chbs-button-style-1\">Ana sayfaya geri d\u00f6n<\/a>\n\t\t\t\t<\/div>\n\t\t\t\t<div class=\"chbs-booking-complete-payment-wire-transfer\">\n\t\t\t\t\t<a href=\"https:\/\/bluestormtransfer.com\/tr\/\" class=\"chbs-button chbs-button-style-1\">Ana sayfaya geri d\u00f6n<\/a>\n\t\t\t\t<\/div>\n\t\t\t\t<div class=\"chbs-booking-complete-payment-credit-card-pickup\">\n\t\t\t\t\t<a href=\"https:\/\/bluestormtransfer.com\/tr\/\" class=\"chbs-button chbs-button-style-1\">Ana sayfaya geri d\u00f6n<\/a>\n\t\t\t\t<\/div>\n\t\t\t\t<div class=\"chbs-booking-complete-payment-disable\">\n\t\t\t\t\t<a href=\"https:\/\/bluestormtransfer.com\/tr\/\" class=\"chbs-button chbs-button-style-1\">Ana sayfaya geri d\u00f6n<\/a>\n\t\t\t\t<\/div>\n\t\t\t<\/div>\n\t\t<\/div>\t\t\t\t\t<\/div>\n\t\t\t\t<\/div>\n\t\t\t\t<input type=\"hidden\" name=\"action\" data-value=\"\"\/>\n\t\t\t\t\n\t\t\t\t<input type=\"hidden\" name=\"chbs_step\" data-value=\"1\"\/>\n\t\t\t\t<input type=\"hidden\" name=\"chbs_step_request\" data-value=\"1\"\/>\n\t\t\t\t\n\t\t\t\t<input type=\"hidden\" name=\"chbs_payment_id\" data-value=\"-1\"\/>\n\t\t\t\t<input type=\"hidden\" name=\"chbs_vehicle_id\" data-value=\"0\"\/>\n\t\t\t\t\n\t\t\t\t<input type=\"hidden\" name=\"chbs_booking_extra_id\" data-value=\"\"\/>\n\t\t\t\t\n\t\t\t\t<input type=\"hidden\" name=\"chbs_booking_edit_id\" data-value=\"\"\/>\n\t\t\t\t\n\t\t\t\t<input type=\"hidden\" name=\"chbs_distance_map\" data-value=\"0\"\/>\n\t\t\t\t<input type=\"hidden\" name=\"chbs_duration_map\" data-value=\"0\"\/>\n\t\t\t\t\n\t\t\t\t<input type=\"hidden\" name=\"chbs_base_location_distance\" data-value=\"0\"\/>\n\t\t\t\t<input type=\"hidden\" name=\"chbs_base_location_duration\" data-value=\"0\"\/>\n\t\t\t\t\n\t\t\t\t<input type=\"hidden\" name=\"chbs_base_location_return_distance\" data-value=\"0\"\/>\n\t\t\t\t<input type=\"hidden\" name=\"chbs_base_location_return_duration\" data-value=\"0\"\/>\n\t \n\t\t\t\t<input type=\"hidden\" name=\"chbs_distance_sum\" data-value=\"0\"\/>\n\t\t\t\t<input type=\"hidden\" name=\"chbs_duration_sum\" data-value=\"0\"\/>\n\t\t\t\n\t\t\t\t<input type=\"hidden\" name=\"chbs_currency\" data-value=\"GBP\"\/>\n\t\t\t\t\n\t\t\t\t<input type=\"hidden\" name=\"chbs_booking_form_id\" data-value=\"15901\"\/>\n\n\t\t\t\t<input type=\"hidden\" name=\"chbs_service_type_id\" data-value=\"1\"\/>\n\n\t\t\t\t<input type=\"hidden\" name=\"chbs_post_id\" data-value=\"15904\"\/>\n\t\t\t\t\n\t\t\t\t<input type=\"hidden\" name=\"chbs_comment_hidden\" data-value=\"\"\/>\n\t\t\t\t\n\t\t\t\t<input type=\"hidden\" name=\"chbs_route_data\" data-value=\"\"\/>\n\n                <input type=\"hidden\" name=\"chbs_widget_second_step\" data-value=\"1\"\/>\n                \n\t\t\t\t<input type=\"hidden\" name=\"chbs_recaptcha_token\" data-value=\"\"\/>\n\t\t\t\t\n\t\t\t\t<input type=\"hidden\" name=\"chbs_google_maps_enable\" data-value=\"\"\/>\n\t\t\t\n\t\t\t\t<input type=\"hidden\" name=\"chbs_vehicle_price_calculation_first_step_action\" value=\"0\"\/>\n\t\t\t\t\n\t\t\t\t<input type=\"hidden\" name=\"chbs_price_toll\" value=\"-1\"\/>\n\t\t\t\t\n\t\t\t\t\t\t\t\t\n\t\t\t<input type=\"hidden\" name=\"trp-form-language\" value=\"tr\"\/><\/form>\t\t\n\t\t\t<div id=\"chbs-preloader\"  style=\"background-color:rgba(244,247,255,0.58);\">\n\t\t\t\t<div style=\"background-image:url(&#039;https:\/\/bluestormtransfer.com\/wp-content\/uploads\/loading.png&#039;);\"><\/div>\n\t\t\t<\/div>\n\t   \n\t\t\t<div id=\"chbs-preloader-start\"><\/div>\n\t\t\t\n\t\t<\/div>\n\n\t\t<script type=\"text\/javascript\">\n\t\n\t\t\tjQuery(document).ready(function($)\n\t\t\t{\n\t\t\t\tvar bookingForm=$('#chbs_booking_form_F08C76834092F71665E9901143FC1E37').chauffeurBookingForm(\n\t\t\t\t{\n\t\t\t\t\tbooking_form_id:15901,\n\t\t\t\t\tplugin_version:'9.3',\n\t\t\t\t\tlicense_verified:1,\n\t\t\t\t\tajax_url:'https:\/\/bluestormtransfer.com\/wp-admin\/admin-ajax.php',\n\t\t\t\t\tlength_unit:2,\n\t\t\t\t\ttime_format:'g:i a',\n\t\t\t\t\tdate_format:'d\/m\/Y',\n\t\t\t\t\tdate_format_js:'dd\/mm\/yy',\n\t\t\t\t\tfirst_day_week:'1',\n\t\t\t\t\tmessage:\n\t\t\t\t\t{\n\t\t\t\t\t\tgoogle_map_ask_load_confirm:'Bu sayfa, rezervasyon formunu y\u00fcklemek i\u00e7in Google Haritalar k\u00fct\u00fcphanesini gerektirir. Etkinle\u015ftirmemeyi se\u00e7erseniz form g\u00f6r\u00fcnt\u00fclenmeyecektir.',\n\t\t\t\t\t\tdesignate_route_error:'Se\u00e7ilen noktalar aras\u0131nda bir rota olu\u015fturmak m\u00fcmk\u00fcn de\u011fildir.',\n\t\t\t\t\t\tplace_geometry_error:'Google Maps API, bu yer i\u00e7in ayr\u0131nt\u0131lar\u0131 bulam\u0131yor.'\n\t\t\t\t\t},\n\t\t\t\t\ttext:\n\t\t\t\t\t{\n\t\t\t\t\t\tunit_length_short:'km',\n\t\t\t\t\t\tunit_time_hour_short:'h',\n\t\t\t\t\t\tunit_time_minute_short:'h',\n\t\t\t\t\t},\n\t\t\t\t\tdate_exclude:[],\n\t\t\t\t\tdatetime_min:'13-05-2026 17:12:00',\n\t\t\t\t\tdatetime_max:'13-05-2027 17:12:00',\n\t\t\t\t\tdatetime_min_format:'13\/05\/2026',\n\t\t\t\t\tdatetime_max_format:'13\/05\/2027',\n\t\t\t\t\tbusiness_hour:{\"1\":{\"start\":\"00:00\",\"stop\":\"23:59\",\"default\":\"00:00\",\"default_format\":\"12:00 am\"},\"2\":{\"start\":\"00:00\",\"stop\":\"23:59\",\"default\":\"00:00\",\"default_format\":\"12:00 am\"},\"3\":{\"start\":\"00:00\",\"stop\":\"23:59\",\"default\":\"00:00\",\"default_format\":\"12:00 am\"},\"4\":{\"start\":\"00:00\",\"stop\":\"23:59\",\"default\":\"00:00\",\"default_format\":\"12:00 am\"},\"5\":{\"start\":\"00:00\",\"stop\":\"23:59\",\"default\":\"00:00\",\"default_format\":\"12:00 am\"},\"6\":{\"start\":\"00:00\",\"stop\":\"23:59\",\"default\":\"00:00\",\"default_format\":\"12:00 am\"},\"7\":{\"start\":\"00:00\",\"stop\":\"23:59\",\"default\":\"00:00\",\"default_format\":\"12:00 am\"}},\n\t\t\t\t\ttimepicker_step:15,\n\t\t\t\t\ttimepicker_dropdown_list_enable:1,\n\t\t\t\t\ttimepicker_hour_range_enable:0,\n\t\t\t\t\ttimepicker_field_readonly:0,\n\t\t\t\t\tsummary_sidebar_sticky_enable:1,\n\t\t\t\t\tride_time_multiplier:1.00,\n\t\t\t\t\textra_time_unit:2,\n\t\t\t\t\tfile_extension_to_upload:'jpg;jpeg;png;pdf;doc;docx',\n\t\t\t\t\tform_preloader_enable:1,\n\t\t\t\t\tdriving_zone:\n\t\t\t\t\t{\n\t\t\t\t\t\tpickup:\n\t\t\t\t\t\t{\n\t\t\t\t\t\t\tenable:1,\n\t\t\t\t\t\t\tcountry:[\"TR\"], \n\t\t\t\t\t\t\tarea:\n\t\t\t\t\t\t\t{\n\t\t\t\t\t\t\t\tradius:50.1,\n\t\t\t\t\t\t\t\tcoordinate:\n\t\t\t\t\t\t\t\t{\n\t\t\t\t\t\t\t\t\tlat:'',\n\t\t\t\t\t\t\t\t\tlng:''\n\t\t\t\t\t\t\t\t}\n\t\t\t\t\t\t\t}\n\t\t\t\t\t\t},\n\t\t\t\t\t\twaypoint:\n\t\t\t\t\t\t{\n\t\t\t\t\t\t\tenable:1,\n\t\t\t\t\t\t\tcountry:[\"TR\"], \n\t\t\t\t\t\t\tarea:\n\t\t\t\t\t\t\t{\n\t\t\t\t\t\t\t\tradius:50,\n\t\t\t\t\t\t\t\tcoordinate:\n\t\t\t\t\t\t\t\t{\n\t\t\t\t\t\t\t\t\tlat:'',\n\t\t\t\t\t\t\t\t\tlng:''\n\t\t\t\t\t\t\t\t}\n\t\t\t\t\t\t\t}\n\t\t\t\t\t\t},\n\t\t\t\t\t\tdropoff:\n\t\t\t\t\t\t{\n\t\t\t\t\t\t\tenable:1,\n\t\t\t\t\t\t\tcountry:[\"TR\"],\n\t\t\t\t\t\t\tarea:\n\t\t\t\t\t\t\t{\n\t\t\t\t\t\t\t\tradius:50,\n\t\t\t\t\t\t\t\tcoordinate:\n\t\t\t\t\t\t\t\t{\n\t\t\t\t\t\t\t\t\tlat:'',\n\t\t\t\t\t\t\t\t\tlng:''\n\t\t\t\t\t\t\t\t}\n\t\t\t\t\t\t\t}\t\t\t\t\t   \n\t\t\t\t\t\t},\n\t\t\t\t\t\tlocation_field_relation_type:1\t\t\t\t\t},\n\t\t\t\t\tlocation_replace:[],\n\t\t\t\t\tgoogle_map_option:\n\t\t\t\t\t{\n\t\t\t\t\t\tmap_id:'AIzaSyDwur3QgnmoqM4hTygu2vmdcMpAPgN2xA4',\n\t\t\t\t\t\tapi_key:'AIzaSyDwur3QgnmoqM4hTygu2vmdcMpAPgN2xA4',\n\t\t\t\t\t\troute_type:1,\n\t\t\t\t\t\troute_avoid:[-1],\n\t\t\t\t\t\tdraggable:\n\t\t\t\t\t\t{\n\t\t\t\t\t\t\tenable:0\t\t\t\t\t\t},\n\t\t\t\t\t\ttraffic_layer:\n\t\t\t\t\t\t{\n\t\t\t\t\t\t\tenable:0\t\t\t\t\t\t},\n\t\t\t\t\t\tscrollwheel:\n\t\t\t\t\t\t{\n\t\t\t\t\t\t\tenable:0\t\t\t\t\t\t},\n\t\t\t\t\t\tmap_control:\n\t\t\t\t\t\t{\n\t\t\t\t\t\t\tenable:0,\n\t\t\t\t\t\t\tid:'ROADMAP',\n\t\t\t\t\t\t\tstyle:'DEFAULT',\n\t\t\t\t\t\t\tposition:'TOP_LEFT'\n\t\t\t\t\t\t},\n\t\t\t\t\t\tzoom_control:\n\t\t\t\t\t\t{\n\t\t\t\t\t\t\tenable:1,\n\t\t\t\t\t\t\tstyle:'DEFAULT',\n\t\t\t\t\t\t\tposition:'RIGHT_TOP',\n\t\t\t\t\t\t\tlevel:9\t\t\t\t\n\t\t\t\t\t\t},\n\t\t\t\t\t\tdefault_location:\n\t\t\t\t\t\t{\n\t\t\t\t\t\t\ttype:2,\n\t\t\t\t\t\t\tcoordinate:\n\t\t\t\t\t\t\t{\n\t\t\t\t\t\t\t\tlat:'36.7197582',\n\t\t\t\t\t\t\t\tlng:'28.7897648'\n\t\t\t\t\t\t\t}\n\t\t\t\t\t\t},\n\t\t\t\t\t\task_load_enable:0\t\t\t\t\t},\n\t\t\t\t\tbase_location:\n\t\t\t\t\t{\n\t\t\t\t\t\tcoordinate:\n\t\t\t\t\t\t{\n\t\t\t\t\t\t\tlat:'',\n\t\t\t\t\t\t\tlng:''\n\t\t\t\t\t\t}\n\t\t\t\t\t},\n\t\t\t\t\twidget:\n\t\t\t\t\t{\n\t\t\t\t\t\tmode:0,\n\t\t\t\t\t\tbooking_form_url:'',\n\t\t\t\t\t\tsubmit:0,\n\t\t\t\t\t\troute_id:0,\n\t\t\t\t\t},\n\t\t\t\t\trtl_mode:0 ,\n\t\t\t\t\tscroll_to_booking_extra_after_select_vehicle_enable:0,\n\t\t\t\t\tcurrent_date:'13-05-2026',\n\t\t\t\t\tcurrent_time:'17:12',\n\t\t\t\t\ticon_field_enable:1,\n\t\t\t\t\tuse_my_location_link_enable:1,\n\t\t\t\t\tclient_country_code:'',\n\t\t\t\t\tride_time_rounding:1,\n\t\t\t\t\ttax_rate_geofence_enable:0,\n\t\t\t\t\ttotal_time_display_enable:1,\n\t\t\t\t\trecaptcha:\n\t\t\t\t\t{\n\t\t\t\t\t\tenable:0,\n\t\t\t\t\t\tsite_key:'6Ld4CV4qAAAAAJ1G2pQ3UJol8yfEbY53inLkmPPN',\n\t\t\t\t\t\tapi_type:1,\n\t\t\t\t\t},\n\t\t\t\t\tis_autoride_theme:0,\n\t\t\t\t\tpickup_time_field_write_enable:1,\n\t\t\t\t\tphone_number_iti_library_enable:1,\n\t\t\t\t\tvehicle_price_calculation_first_step_enable:0\t\t\t   });\n\n\t\t\t   bookingForm.setup();\n\t\t\t});\n\n\t\t<\/script>\t\t<\/div>\n<\/div>\n<\/div>\n<\/div>\n<\/div>\n<\/section>\n<\/div>\n<p>    <!-- version:1740965745 --><\/p>","protected":false},"excerpt":{"rendered":"<p>Otel Transferi Al\u0131\u015f yerini (veya &#039;Konumumu Kullan&#039;\u0131), var\u0131\u015f yerini, seyahat tarihini ve saatini, transfer t\u00fcr\u00fcn\u00fc ve yolcu say\u0131s\u0131n\u0131 se\u00e7in, ard\u0131ndan arac\u0131n\u0131z\u0131 se\u00e7mek i\u00e7in t\u0131klay\u0131n. \ud83d\udc4d<\/p>","protected":false},"author":1,"featured_media":0,"parent":0,"menu_order":0,"comment_status":"closed","ping_status":"closed","template":"brizy-blank-template.php","meta":{"footnotes":""},"class_list":["post-15904","page","type-page","status-publish","hentry"],"brizy_media":[],"_links":{"self":[{"href":"https:\/\/bluestormtransfer.com\/tr\/wp-json\/wp\/v2\/pages\/15904","targetHints":{"allow":["GET"]}}],"collection":[{"href":"https:\/\/bluestormtransfer.com\/tr\/wp-json\/wp\/v2\/pages"}],"about":[{"href":"https:\/\/bluestormtransfer.com\/tr\/wp-json\/wp\/v2\/types\/page"}],"author":[{"embeddable":true,"href":"https:\/\/bluestormtransfer.com\/tr\/wp-json\/wp\/v2\/users\/1"}],"replies":[{"embeddable":true,"href":"https:\/\/bluestormtransfer.com\/tr\/wp-json\/wp\/v2\/comments?post=15904"}],"version-history":[{"count":0,"href":"https:\/\/bluestormtransfer.com\/tr\/wp-json\/wp\/v2\/pages\/15904\/revisions"}],"wp:attachment":[{"href":"https:\/\/bluestormtransfer.com\/tr\/wp-json\/wp\/v2\/media?parent=15904"}],"curies":[{"name":"wp","href":"https:\/\/api.w.org\/{rel}","templated":true}]}}