{"id":15410,"date":"2021-10-13T18:59:19","date_gmt":"2021-10-13T15:59:19","guid":{"rendered":"https:\/\/moonlight-travel.com.tr\/?page_id=15410"},"modified":"2026-04-16T13:39:10","modified_gmt":"2026-04-16T10:39:10","slug":"mesafeli-satis-sozlesmesi","status":"publish","type":"page","link":"https:\/\/bluestormtransfer.com\/tr\/distance-selling-contract\/","title":{"rendered":"Mesafeli Sat\u0131\u015f S\u00f6zle\u015fmesi"},"content":{"rendered":"<div class=\"brz-root__container brz-reset-all brz brz-root__container-page\">\n<section id=\"70206fa5febff9df7441_nsvvxhdpcqmnupqbjqbbfmvrtjtaserxaqcl\" class=\"brz-section brz-css-wzr0wy\">\n<div class=\"brz-section__content brz-section--boxed brz-css-1bimnbf brz-css-oy37f1\" data-brz-custom-id=\"sdefdhonkryayytoednnfzkvmatunslqsrkj\">\n<div class=\"brz-bg\">\n<div class=\"brz-bg-color\"><\/div>\n<\/div>\n<div class=\"brz-container brz-css-1pho8r1 brz-css-1r1esos\">\n<div class=\"brz-row__container brz-css-l141i8\" data-brz-custom-id=\"djqnjzajuzecdazocfagllocoguesqevjbnj\">\n<div class=\"brz-bg\"><\/div>\n<div class=\"brz-row brz-css-110yhmp\">\n<div class=\"brz-columns brz-css-m76cb7 brz-css-ptd9vr\" data-brz-custom-id=\"pzecscstvqsmjyyxevcqgmwmmnderggaitnk\">\n<div class=\"brz-bg\"><\/div>\n<div class=\"brz-column__items brz-css-nzn2zh brz-css-14uvt7o\">\n<div id=\"\" class=\"brz-css-8t7lsn brz-wrapper\">\n<div class=\"brz-rich-text brz-rich-text__custom brz-css-10ecd7k\" data-brz-custom-id=\"blxwszquoiqozhzfqypkawvtfumrukaibxtd\">\n<div data-brz-translate-text=\"1\">\n<h3 class=\"brz-tp-lg-heading1 brz-css-zB7zb\" data-generated-css=\"brz-css-symqw\" data-uniq-id=\"bwfxa\"><span class=\"brz-cp-color1\">Mesafeli Sat\u0131\u015f S\u00f6zle\u015fmesi<\/span><\/h3>\n<\/div>\n<\/div>\n<\/div>\n<div id=\"\" class=\"brz-css-8t7lsn brz-wrapper\">\n<div class=\"brz-rich-text brz-rich-text__custom brz-css-10ecd7k\" data-brz-custom-id=\"bcairdulkzfsptaazgmtlqbgzqgzrxrgskvz\">\n<div data-brz-translate-text=\"1\">\n<p class=\"brz-tp-lg-paragraph brz-css-df0BH\" data-generated-css=\"brz-css-qviFK\" data-uniq-id=\"jtreS\"><strong>H\u0130ZMET S\u00d6ZLE\u015eMES\u0130<\/strong><\/p>\n<p class=\"brz-tp-lg-paragraph brz-css-fkpzW\" data-generated-css=\"brz-css-rw4mO\" data-uniq-id=\"gnjQ8\">\u0130\u015fbu s\u00f6zle\u015fme 06 Mart 2011 tarih ve 27866 say\u0131l\u0131 Resmi Gazete&#039;de yay\u0131mlanan Mesafeli S\u00f6zle\u015fmeler Y\u00f6netmeli\u011fi&#039;ne uygun olarak internet \u00fczerinden ger\u00e7ekle\u015ftirilen sat\u0131\u015flara ili\u015fkin s\u00f6zle\u015fme yapma zorunlulu\u011fu uyar\u0131nca d\u00fczenlenmi\u015f olup, maddeleri a\u015fa\u011f\u0131daki gibidir.<\/p>\n<p class=\"brz-tp-lg-paragraph brz-css-ysBRN\" data-generated-css=\"brz-css-b5TTA\" data-uniq-id=\"lisLG\"><\/p>\n<p class=\"brz-tp-lg-paragraph brz-css-odmk8\" data-generated-css=\"brz-css-z9m9B\" data-uniq-id=\"hIhX2\">SATI\u015e VE S\u00d6ZLE\u015eME METN\u0130NE \u0130L\u0130\u015eK\u0130N \u00d6N B\u0130LG\u0130LEND\u0130RME BELGES\u0130<\/p>\n<p class=\"brz-tp-lg-paragraph brz-css-jAWz9\" data-generated-css=\"brz-css-pr6ya\" data-uniq-id=\"p4yPp\"><\/p>\n<p class=\"brz-tp-lg-paragraph brz-css-yelGR\" data-generated-css=\"brz-css-nVBMW\" data-uniq-id=\"lew_c\"><strong>SATICI<\/strong><\/p>\n<p class=\"brz-tp-lg-paragraph brz-css-fkAhu\" data-generated-css=\"brz-css-s63hi\" data-uniq-id=\"qj5Uj\">Unvan\u0131: BLUE STORM TUR\u0130ZM L\u0130M\u0130TED \u015e\u0130RKET\u0130<\/p>\n<p class=\"brz-tp-lg-paragraph brz-css-ya75t\" data-generated-css=\"brz-css-eeItr\" data-uniq-id=\"uUk2P\">Adres : ATAKENT MAH. DR. MUHAMMET KOYUNCU 18. SK. NO:2B DALAMAN\/MU\u011eLA \u2013 T\u00dcRK\u0130YE<\/p>\n<p class=\"brz-tp-lg-paragraph brz-css-eYAlL\" data-generated-css=\"brz-css-bTRBm\" data-uniq-id=\"vx8t0\">Mersis Numaras\u0131: 0178179457600001<\/p>\n<p class=\"brz-tp-lg-paragraph brz-css-ck0L6\" data-generated-css=\"brz-css-aFTin\" data-uniq-id=\"z06Lo\">Telefon numaras\u0131 +90 544 652 22 39<\/p>\n<p class=\"brz-tp-lg-paragraph brz-css-v97NG\" data-generated-css=\"brz-css-zOChg\" data-uniq-id=\"icAV_\">E-posta: info@bluestormtransfer.com <\/p>\n<p class=\"brz-tp-lg-paragraph brz-css-lGhC4\" data-generated-css=\"brz-css-eym05\" data-uniq-id=\"rZa5d\">* T\u00fcketicimiz t\u00fcm talep ve \u015fikayetlerini yukar\u0131da bilgileri a\u00e7\u0131klanan kuruma iletecektir.<\/p>\n<p class=\"brz-tp-lg-paragraph brz-css-idqgh\" data-generated-css=\"brz-css-z2aRu\" data-uniq-id=\"gFyyD\"><\/p>\n<p class=\"brz-tp-lg-paragraph brz-css-tiTJI\" data-generated-css=\"brz-css-wlW_m\" data-uniq-id=\"blMgt\"><strong>ALICI<\/strong><\/p>\n<p class=\"brz-tp-lg-paragraph brz-css-aWGNt\" data-generated-css=\"brz-css-gl6S7\" data-uniq-id=\"yBDrj\">Yolcu ta\u015f\u0131ma biletini sat\u0131n alan ki\u015fidir.<\/p>\n<p class=\"brz-tp-lg-paragraph brz-css-lipd7\" data-generated-css=\"brz-css-lCw5O\" data-uniq-id=\"jy9V_\"><\/p>\n<p class=\"brz-tp-lg-paragraph brz-css-jCmr0\" data-generated-css=\"brz-css-vLkek\" data-uniq-id=\"kJMYj\"><strong>BA\u015eLIK<\/strong><\/p>\n<p class=\"brz-tp-lg-paragraph brz-css-frWle\" data-generated-css=\"brz-css-tP8Z5\" data-uniq-id=\"a5NfR\">\u0130\u015fbu s\u00f6zle\u015fmenin konusu, SATICI&#039;n\u0131n ALICI&#039;ya elektronik ortamda sat\u0131\u015f\u0131n\u0131 yapt\u0131\u011f\u0131 yolcu ta\u015f\u0131ma biletinin sat\u0131\u015f\u0131 ve teslimine ili\u015fkin 4077 say\u0131l\u0131 T\u00fcketicinin Korunmas\u0131 Hakk\u0131nda Kanun ve Mesafeli S\u00f6zle\u015fmelere Dair Y\u00f6netmelik (\u201cY\u00f6netmelik\u201d) h\u00fck\u00fcmleridir. SATICI&#039;n\u0131n web sitesi. Taraflar\u0131n hak ve y\u00fck\u00fcml\u00fcl\u00fcklerinin belirlenmesi.<\/p>\n<p class=\"brz-tp-lg-paragraph brz-css-ltLTC\" data-generated-css=\"brz-css-eAz1M\" data-uniq-id=\"d5JZe\"><\/p>\n<p class=\"brz-tp-lg-paragraph brz-css-qOLfv\" data-generated-css=\"brz-css-nCYcY\" data-uniq-id=\"vvaad\"><strong>\u00dcR\u00dcN B\u0130LG\u0130LER\u0130 ve TESL\u0130MAT<\/strong><\/p>\n<p class=\"brz-tp-lg-paragraph brz-css-iaDMR\" data-generated-css=\"brz-css-qrnTe\" data-uniq-id=\"kI2Im\">\u0130\u015fbu s\u00f6zle\u015fme konusu hizmet, otob\u00fcs yolcu ta\u015f\u0131ma bileti olup, biletin sat\u0131\u015f fiyat\u0131, \u00f6deme \u015fekli, bini\u015f yeri, var\u0131\u015f yeri, seyahat tarihi, hareket saati, koltuk numaras\u0131 ve sipari\u015fin sonland\u0131\u011f\u0131 andaki bilgilerden olu\u015fur ve ayr\u0131ca al\u0131c\u0131n\u0131n e-posta adresine de g\u00f6nderilir.<\/p>\n<p class=\"brz-tp-lg-paragraph brz-css-hzs8p\" data-generated-css=\"brz-css-a2zjZ\" data-uniq-id=\"wVz6N\"><\/p>\n<p class=\"brz-tp-lg-paragraph brz-css-n7k_z\" data-generated-css=\"brz-css-vyM3h\" data-uniq-id=\"im6L1\"><strong>GENEL H\u00dcK\u00dcMLER ALICI<\/strong><\/p>\n<p class=\"brz-tp-lg-paragraph brz-css-bmhOa\" data-generated-css=\"brz-css-yvUTU\" data-uniq-id=\"hJtm3\">S\u00f6zle\u015fme konusu yolcu ta\u015f\u0131ma biletinin temel \u00f6zellikleri, sat\u0131\u015f fiyat\u0131 ve \u00f6deme \u015fekline ili\u015fkin t\u00fcm \u00f6n bilgileri okuyup \u00f6\u011frendi\u011fini ve elektronik ortamda gerekli teyidi verdi\u011fini beyan eder.<\/p>\n<p class=\"brz-tp-lg-paragraph brz-css-xspX6\" data-generated-css=\"brz-css-yDa0h\" data-uniq-id=\"mBFEV\"><\/p>\n<p class=\"brz-tp-lg-paragraph brz-css-tvGir\" data-generated-css=\"brz-css-tEhGw\" data-uniq-id=\"rZqFT\">S\u00f6zle\u015fme konusu yolcu ta\u015f\u0131ma bileti, seyahat ba\u015flamadan \u00f6nce SATICI&#039;ya en yak\u0131n online \u015fubeden ALICI&#039;ya teslim edilecektir.<\/p>\n<p class=\"brz-tp-lg-paragraph brz-css-yEXui\" data-generated-css=\"brz-css-aX3rM\" data-uniq-id=\"kafgM\"><\/p>\n<p class=\"brz-tp-lg-paragraph brz-css-fNoxH\" data-generated-css=\"brz-css-rbahh\" data-uniq-id=\"blKhQ\">S\u00f6zle\u015fme konusu yolcu ta\u015f\u0131ma bileti ALICI&#039;ya bizzat teslim edilir. Bu nedenle al\u0131c\u0131, yolcu ula\u015f\u0131m biletini teslim al\u0131rken kimlik kart\u0131n\u0131 ve bu al\u0131\u015fveri\u015fte kulland\u0131\u011f\u0131 kredi kart\u0131n\u0131 SATICI personeline ibraz etmek zorundad\u0131r.<\/p>\n<p class=\"brz-tp-lg-paragraph brz-css-vfhe4\" data-generated-css=\"brz-css-wytj9\" data-uniq-id=\"wat4Z\"><\/p>\n<p class=\"brz-tp-lg-paragraph brz-css-r25Jh\" data-generated-css=\"brz-css-rqohS\" data-uniq-id=\"n50NX\"><strong>VAZGE\u00c7ME HAKKI<\/strong><\/p>\n<p class=\"brz-tp-lg-paragraph brz-css-yqw_8\" data-generated-css=\"brz-css-u_c_9\" data-uniq-id=\"lcQpm\">Y\u00f6netmelik md. 2\/3-b uyar\u0131nca, seyahat sekt\u00f6r\u00fcnde hizmet veren sa\u011flay\u0131c\u0131larla kurulan ve sa\u011flay\u0131c\u0131n\u0131n y\u00fck\u00fcml\u00fcl\u00fck alt\u0131na girdi\u011fi s\u00f6zle\u015fmelerde, Y\u00f6netmelik md. 6&#039;da d\u00fczenlenen cayma hakk\u0131 ALICI taraf\u0131ndan kullan\u0131lamaz. s\u00f6zle\u015fme konusu hizmet ifas\u0131n\u0131n belirli bir tarihte veya belirli bir s\u00fcre i\u00e7erisinde sa\u011flanmas\u0131d\u0131r.<\/p>\n<p class=\"brz-tp-lg-paragraph brz-css-fbM2d\" data-generated-css=\"brz-css-fSbR8\" data-uniq-id=\"h9ekK\"><\/p>\n<p class=\"brz-tp-lg-paragraph brz-css-dHhRn\" data-generated-css=\"brz-css-hdTkl\" data-uniq-id=\"eVEnf\"><strong>\u00d6ZEL H\u00dcK\u00dcMLER<\/strong><\/p>\n<p class=\"brz-tp-lg-paragraph brz-css-rYJSy\" data-generated-css=\"brz-css-du3Xr\" data-uniq-id=\"nkqDb\">Online bilet al\u0131rken ekranda ara\u00e7 koltuk \u015femas\u0131 g\u00f6sterilir. Bu \u015femada erkek ve kad\u0131nlara uygun koltuklar g\u00f6sterilmektedir. Koltuk se\u00e7imi yaparken ALICI g\u00f6sterilen koltu\u011fun cinsiyetine uygun olarak do\u011fru se\u00e7ilmesinden sorumludur. Aksi takdirde yolculuk s\u0131ras\u0131nda uygun ba\u015fka koltuk bulunmas\u0131 halinde o koltu\u011fa konulacak, uygun koltuk bulunmamas\u0131 durumunda bilet ge\u00e7ersiz say\u0131lacak ve bilet bedeli iade edilmeyecektir.<\/p>\n<p class=\"brz-tp-lg-paragraph brz-css-h8wm0\" data-generated-css=\"brz-css-vwfIo\" data-uniq-id=\"dop3B\"><\/p>\n<p class=\"brz-tp-lg-paragraph brz-css-ueYDy\" data-generated-css=\"brz-css-kqpeL\" data-uniq-id=\"urnwI\">Sat\u0131n al\u0131nan Bilet, \u00fczerinde yazan Tarih\/Saat ve G\u00fczergah i\u00e7in ge\u00e7erlidir. \u00dczerinde yaz\u0131l\u0131 g\u00fcn ve saatte kullan\u0131lmayan bilet ge\u00e7ersiz say\u0131lacakt\u0131r. Bagaja konulan ve de\u011feri belirlenemeyen e\u015fyalar\u0131n kaybolmas\u0131 durumunda bilet bedelinin en fazla \u00fc\u00e7 kat\u0131 \u00f6denir. Otob\u00fcs ve \u015fehir i\u00e7i servis ara\u00e7lar\u0131nda unutulan, kaybolan veya \u00e7al\u0131nan e\u015fyalardan SATICI sorumlu tutulamaz.<\/p>\n<p class=\"brz-tp-lg-paragraph brz-css-huxFr\" data-generated-css=\"brz-css-o0L1H\" data-uniq-id=\"paWFV\"><\/p>\n<p class=\"brz-tp-lg-paragraph brz-css-mP1md\" data-generated-css=\"brz-css-pestA\" data-uniq-id=\"fS16z\">30 kg. Fazla bagaj i\u00e7in ekstra i\u015flem \u00fccreti al\u0131n\u0131r.<\/p>\n<p class=\"brz-tp-lg-paragraph brz-css-hVYeG\" data-generated-css=\"brz-css-nVaiM\" data-uniq-id=\"tKbff\"><\/p>\n<p class=\"brz-tp-lg-paragraph brz-css-lGLm0\" data-generated-css=\"brz-css-ssIn9\" data-uniq-id=\"eCcLP\">Bagaja verilen e\u015fyalar\u0131n, bilet ve fatura ibraz edildikten sonra idari ve adli makamlarda yap\u0131lacak incelemelerinden do\u011facak cezai sorumluluk bagaj sahibine aittir. ALICI, yolculu\u011fun ba\u015f\u0131nda bagaj\u0131n\u0131 araca binerken teslim etmi\u015fse bagaj makbuzunu talep etmelidir.<\/p>\n<p class=\"brz-tp-lg-paragraph brz-css-hxNFN\" data-generated-css=\"brz-css-evxzX\" data-uniq-id=\"jzXu8\"><\/p>\n<p class=\"brz-tp-lg-paragraph brz-css-gyPGv\" data-generated-css=\"brz-css-otWcg\" data-uniq-id=\"wF2RJ\">SATICI, otob\u00fcs\u00fcn hareket saatinden 24 saat \u00f6ncesine kadar yap\u0131lan ba\u015fvurularda bilet bedelinin tamam\u0131n\u0131 iade etmeyi, otob\u00fcs\u00fcn hareket saatinden 12 saat \u00f6ncesine kadar yap\u0131lan ba\u015fvurularda ise 6 ay ge\u00e7erli a\u00e7\u0131k bilet d\u00fczenlemeyi taahh\u00fct eder.<\/p>\n<p class=\"brz-tp-lg-paragraph brz-css-h9OAm\" data-generated-css=\"brz-css-dOW64\" data-uniq-id=\"wijEA\"><\/p>\n<p class=\"brz-tp-lg-paragraph brz-css-jdfxu\" data-generated-css=\"brz-css-izoSm\" data-uniq-id=\"p3u2U\"><strong>G\u00dcVENL\u0130K<\/strong><\/p>\n<p class=\"brz-tp-lg-paragraph brz-css-h2L2V\" data-generated-css=\"brz-css-oMkwP\" data-uniq-id=\"rxTpc\">ALICI, kredi kart\u0131 bilgilerini ba\u015fkalar\u0131yla payla\u015fmamal\u0131d\u0131r. ALICI, bu bilgilerin g\u00fcvenli\u011finden bizzat ve yaln\u0131zca kendisinin sorumlu olaca\u011f\u0131n\u0131, SATICI&#039;n\u0131n, kredi kart\u0131 bilgilerinin kendisi d\u0131\u015f\u0131nda ba\u015fkalar\u0131 taraf\u0131ndan kullan\u0131lmas\u0131ndan hi\u00e7bir \u015fekilde sorumlu olmayaca\u011f\u0131n\u0131 kabul eder. ALICI&#039;ya ait kredi kart\u0131 bilgilerinin g\u00fcvenli\u011fi, saklanmas\u0131, 3. ki\u015filerin bilgilerinden uzak tutulmas\u0131, kullan\u0131lmas\u0131 gibi hususlardaki her t\u00fcrl\u00fc ihmal ve kusurlardan dolay\u0131 SATICI&#039;n\u0131n do\u011frudan veya dolayl\u0131 hi\u00e7bir sorumlulu\u011fu bulunmamaktad\u0131r ve bu hususlardan SATICI sorumlu de\u011fildir. ihmal ve kusurundan kaynaklanan herhangi bir kay\u0131p. kabul eder ve beyan eder.<\/p>\n<p class=\"brz-tp-lg-paragraph brz-css-p2iyX\" data-generated-css=\"brz-css-h9cPd\" data-uniq-id=\"xkQ43\"><\/p>\n<p class=\"brz-tp-lg-paragraph brz-css-crM8_\" data-generated-css=\"brz-css-aW_QN\" data-uniq-id=\"lpSbd\"><strong>ERTELENM\u0130\u015e VE HUKUK\u0130 SONU\u00c7LARI<\/strong><\/p>\n<p class=\"brz-tp-lg-paragraph brz-css-om8wy\" data-generated-css=\"brz-css-xvfVr\" data-uniq-id=\"cWlaA\">ALICI&#039;n\u0131n kredi kart\u0131 i\u015flemlerinde temerr\u00fcde d\u00fc\u015fmesi halinde kart sahibi, bankan\u0131n kendisi ile yapt\u0131\u011f\u0131 kredi kart\u0131 s\u00f6zle\u015fmesi \u00e7er\u00e7evesinde faiz \u00f6deyecek ve bankaya kar\u015f\u0131 sorumlu olacakt\u0131r. Bu durumda ilgili banka hukuki yollara ba\u015fvurabilir; do\u011facak masraflar\u0131 ve avukatl\u0131k \u00fccretini ALICI&#039;dan talep edebilir ve her hal\u00fckarda ALICI&#039;n\u0131n borcundan dolay\u0131 temerr\u00fcde d\u00fc\u015fmesi halinde ALICI, borcun gecikmeli ifas\u0131ndan dolay\u0131 SATICI&#039;n\u0131n u\u011frad\u0131\u011f\u0131 zarar ve ziyan\u0131 \u00f6demeyi kabul eder. .<\/p>\n<p class=\"brz-tp-lg-paragraph brz-css-i1poo\" data-generated-css=\"brz-css-yccMP\" data-uniq-id=\"lNrGH\"><\/p>\n<p class=\"brz-tp-lg-paragraph brz-css-xqNdo\" data-generated-css=\"brz-css-x5S_I\" data-uniq-id=\"wxhr6\"><strong>YARI\u015eMA KAYIT<\/strong><\/p>\n<p class=\"brz-tp-lg-paragraph brz-css-t0g30\" data-generated-css=\"brz-css-jFiiZ\" data-uniq-id=\"pFdDC\">ALICI&#039;n\u0131n i\u015fbu S\u00f6zle\u015fme&#039;nin s\u00fcresi i\u00e7inde art arda veya bir y\u0131l i\u00e7erisinde iki taksiti \u00f6demede temerr\u00fcde d\u00fc\u015fmesi halinde, S\u00f6zle\u015fme&#039;den do\u011fan ve\/veya do\u011facak t\u00fcm bor\u00e7lar muaccel olur.<\/p>\n<p class=\"brz-tp-lg-paragraph brz-css-mcCLD\" data-generated-css=\"brz-css-bFhi2\" data-uniq-id=\"wRpH9\"><\/p>\n<p class=\"brz-tp-lg-paragraph brz-css-whD_c\" data-generated-css=\"brz-css-uEinG\" data-uniq-id=\"nBZP2\"><strong>YETK\u0130L\u0130 MAHKEME<\/strong><\/p>\n<p class=\"brz-tp-lg-paragraph brz-css-dHxgw\" data-generated-css=\"brz-css-vRexL\" data-uniq-id=\"yw1as\">\u0130\u015fbu s\u00f6zle\u015fmeden do\u011fabilecek ihtilaflarda, ALICI ve SATICI&#039;n\u0131n yerle\u015fim yerlerinde T\u00fcketici Hakem Heyetleri ve T\u00fcketici Mahkemeleri, T\u00fcketici Mahkemesi bulunmayan yerlerde ise Asliye Hukuk Mahkemeleri Bilim Bakanl\u0131\u011f\u0131nca ilan edilen de\u011fere kadar yetkilidir. , Sanayi ve Teknoloji.<\/p>\n<p class=\"brz-tp-lg-paragraph brz-css-bJUt6\" data-generated-css=\"brz-css-fQoRP\" data-uniq-id=\"peL52\"><\/p>\n<p class=\"brz-tp-lg-paragraph brz-css-swFDW\" data-generated-css=\"brz-css-hzrpW\" data-uniq-id=\"nnGtu\"><strong>KAR\u015eILIK<\/strong><\/p>\n<p class=\"brz-tp-lg-paragraph brz-css-hQIok\" data-generated-css=\"brz-css-wLdfx\" data-uniq-id=\"gXIRO\">Sipari\u015fin ger\u00e7ekle\u015fmesi halinde ALICI i\u015fbu s\u00f6zle\u015fmenin t\u00fcm ko\u015fullar\u0131n\u0131 kabul etmi\u015f say\u0131lacakt\u0131r. Bu S\u00f6zle\u015fmedeki herhangi bir h\u00fckm\u00fcn ge\u00e7ersizli\u011fi veya uygulanamazl\u0131\u011f\u0131, S\u00f6zle\u015fmenin di\u011fer h\u00fck\u00fcmlerinin ge\u00e7erlili\u011fini etkilemeyecektir.<\/p>\n<\/div>\n<\/div>\n<\/div>\n<\/div>\n<\/div>\n<\/div>\n<\/div>\n<\/div>\n<\/div>\n<\/section>\n<\/div>\n<p>    <!-- version:1740959194 --><\/p>","protected":false},"excerpt":{"rendered":"<p>Mesafeli Sat\u0131\u015f S\u00f6zle\u015fmesi H\u0130ZMET S\u00d6ZLE\u015eMES\u0130 Bu s\u00f6zle\u015fme, 06 Mart 2011 tarih ve 27866 say\u0131l\u0131 Resmi Gazete&#039;de yay\u0131mlanan Mesafeli S\u00f6zle\u015fmeler Y\u00f6netmeli\u011fi&#039;ne uygun olarak, internet \u00fczerinden ger\u00e7ekle\u015ftirilen sat\u0131\u015flara ili\u015fkin s\u00f6zle\u015fme yapma zorunlulu\u011fu uyar\u0131nca d\u00fczenlenmi\u015f olup, makaleler a\u015fa\u011f\u0131daki gibidir. \u00d6N B\u0130LG\u0130LEND\u0130RME DOK\u00dcMANI [\u2026]<\/p>","protected":false},"author":1,"featured_media":0,"parent":0,"menu_order":0,"comment_status":"closed","ping_status":"closed","template":"brizy-blank-template.php","meta":{"footnotes":""},"class_list":["post-15410","page","type-page","status-publish","hentry"],"brizy_media":[],"_links":{"self":[{"href":"https:\/\/bluestormtransfer.com\/tr\/wp-json\/wp\/v2\/pages\/15410","targetHints":{"allow":["GET"]}}],"collection":[{"href":"https:\/\/bluestormtransfer.com\/tr\/wp-json\/wp\/v2\/pages"}],"about":[{"href":"https:\/\/bluestormtransfer.com\/tr\/wp-json\/wp\/v2\/types\/page"}],"author":[{"embeddable":true,"href":"https:\/\/bluestormtransfer.com\/tr\/wp-json\/wp\/v2\/users\/1"}],"replies":[{"embeddable":true,"href":"https:\/\/bluestormtransfer.com\/tr\/wp-json\/wp\/v2\/comments?post=15410"}],"version-history":[{"count":0,"href":"https:\/\/bluestormtransfer.com\/tr\/wp-json\/wp\/v2\/pages\/15410\/revisions"}],"wp:attachment":[{"href":"https:\/\/bluestormtransfer.com\/tr\/wp-json\/wp\/v2\/media?parent=15410"}],"curies":[{"name":"wp","href":"https:\/\/api.w.org\/{rel}","templated":true}]}}