{"id":15223,"date":"2021-08-22T00:02:47","date_gmt":"2021-08-21T21:02:47","guid":{"rendered":"https:\/\/moonlight-travel.com.tr\/?page_id=15223"},"modified":"2026-04-16T13:09:20","modified_gmt":"2026-04-16T10:09:20","slug":"sss","status":"publish","type":"page","link":"https:\/\/bluestormtransfer.com\/tr\/faq\/","title":{"rendered":"SSS"},"content":{"rendered":"<div class=\"brz-root__container brz-reset-all brz brz-root__container-page\">\n<section id=\"6ded3fb9f6455ad0c3ab_ywhMrbygO8KX\" class=\"brz-section brz-css-txycbn\">\n<div class=\"brz-section__content brz-section--boxed brz-css-1awwfet brz-css-9bf9nt\" data-brz-custom-id=\"qCoGSoYepRLJ\">\n<div class=\"brz-bg\">\n<div class=\"brz-bg-color\"><\/div>\n<\/div>\n<div class=\"brz-container brz-css-edq38b\">\n<div class=\"brz-row__container brz-css-66p8cs\" data-brz-custom-id=\"tmsdWI6J3BPc\">\n<div class=\"brz-bg\"><\/div>\n<div class=\"brz-row brz-css-1wewj8e brz-css-1qdt84t\">\n<div data-brz-iteration-count=\"1\" class=\"brz-columns brz-css-13n3a1q brz-css-1r0pa7i brz-animated brz-css-15mlw1j brz-css-1djbwqr\" data-brz-custom-id=\"abNidWBm2fvX\">\n<div class=\"brz-bg\"><\/div>\n<div class=\"brz-column__items brz-css-ckxsug\">\n<div id=\"\" class=\"brz-css-1hh1o5k brz-wrapper\">\n<div class=\"brz-image brz-css-1cux3t8 brz-css-sfl88k\" data-brz-custom-id=\"qGDvlOn__D5u\"><source srcset=\"https:\/\/bluestormtransfer.com\/wp-content\/uploads\/brizy\/imgs\/bluestorm-018-685x760x146x0x380x760x1740943741.jpg 1x, https:\/\/bluestormtransfer.com\/?goup_media=wp-888d36aa5a6f70af47c08a3c1dbf11ae.jpg&amp;goup_crop=iW%3D1370%26iH%3D1520%26oX%3D292%26oY%3D0%26cW%3D760%26cH%3D1520 2x\" media=\"(min-width: 992px)\"><source srcset=\"https:\/\/bluestormtransfer.com\/?goup_media=wp-888d36aa5a6f70af47c08a3c1dbf11ae.jpg&amp;goup_crop=iW%3D400%26iH%3D444%26oX%3D77%26oY%3D0%26cW%3D239%26cH%3D444 1x, https:\/\/bluestormtransfer.com\/?goup_media=wp-888d36aa5a6f70af47c08a3c1dbf11ae.jpg&amp;goup_crop=iW%3D800%26iH%3D888%26oX%3D154%26oY%3D0%26cW%3D478%26cH%3D888 2x\" media=\"(min-width: 768px)\"><img decoding=\"async\" class=\"brz-img\" src=\"https:\/\/bluestormtransfer.com\/wp-content\/uploads\/brizy\/imgs\/bluestorm-018-685x760x146x0x380x760x1740943741.jpg\" alt=\"\" loading=\"lazy\"><\/div>\n<\/div>\n<\/div>\n<\/div>\n<div class=\"brz-columns brz-css-13n3a1q brz-css-16vo60u\" data-brz-custom-id=\"v2X4psI_gH45\">\n<div class=\"brz-bg\"><\/div>\n<div class=\"brz-column__items brz-css-ckxsug brz-css-ocz8c8\">\n<div id=\"\" data-brz-iteration-count=\"1\" class=\"brz-css-1hh1o5k brz-wrapper brz-animated brz-css-pk600l brz-css-1y7kp0n\" data-animationid=\"wHnEYdc3DhFe\">\n<div class=\"brz-rich-text brz-rich-text__custom brz-css-uwab1r\" data-brz-custom-id=\"uLksCsgMEWxs\">\n<div data-brz-translate-text=\"1\">\n<h1 class=\"brz-ff-lato brz-tp-lg-heading2 brz-ft-google brz-fs-lg-16 brz-fss-lg-px brz-fw-lg-400 brz-lh-lg-1_3 brz-ls-lg-0 brz-vfw-lg-400 brz-fwdth-lg-100 brz-fsft-lg-0 brz-bcp-empty brz-css-qrBYE\" data-generated-css=\"brz-css-wiNH0\" data-uniq-id=\"ocBbR\"><span class=\"brz-cp-color1\"><span class=\"text-gradient brz-image-gradient\" data-gradient_type=\"linear-gradient\" data-gradient_radial_position=\"90\" data-gradient_linear_angle=\"150\" data-gradient_start_pointer=\"34\" data-gradient_finish_pointer=\"68\" data-gradient_active_pointer=\"finishPointer\" data-gradient_start_hex=\"#02D2B4\" data-gradient_finish_hex=\"#0076F9\" data-gradient_start_opacity=\"1\" data-gradient_finish_opacity=\"1\" data-gradient_start_palette=\"color1\" data-gradient_finish_palette=\"color3\">S\u0131k\u00e7a Sorulan Sorular<\/span><\/span><\/h1>\n<\/div>\n<\/div>\n<\/div>\n<div id=\"\" class=\"brz-css-1hh1o5k brz-wrapper\">\n<div class=\"brz-accordion brz-css-wbpdc8 brz-css-165vak1\" data-brz-duration=\"300\" data-brz-custom-id=\"cfrnE71Y9aUi\">\n<div class=\"brz-accordion__item brz-accordion__item--active\">\n<div class=\"brz-accordion__nav\" data-brz-collapsible=\"on\">\n<h5 data-brz-translate-text=\"1\" class=\"brz-accordion__nav-title brz-h5 brz-text__editor\">Web siteniz \u00fczerinden transfer hizmetini nas\u0131l rezerve edebilirim?<\/h5>\n<\/div>\n<div class=\"brz-accordion__content brz-d-xs-flex brz-flex-xs-column\">\n<div class=\"brz-accordion__item-content brz-d-xs-flex brz-flex-xs-column\">\n<div id=\"\" class=\"brz-css-1hh1o5k brz-css-1kcgt7d brz-wrapper\">\n<div class=\"brz-rich-text brz-rich-text__custom brz-css-uwab1r\" data-brz-custom-id=\"zhmoclp8TnXs\">\n<div data-brz-translate-text=\"1\">\n<p class=\"brz-tp-lg-paragraph brz-css-qQNBH\" data-uniq-id=\"aBAMM\" data-generated-css=\"brz-css-tBnxy\"><span class=\"brz-cp-color7\">Transfer hizmeti rezervasyonu yapmak kolayd\u0131r! Web sitemizi ziyaret edin, teslim alma yerinizi, var\u0131\u015f noktan\u0131z\u0131 ve seyahat tarihinizi girin, ard\u0131ndan tercih etti\u011finiz ara\u00e7 tipini se\u00e7in. Rezervasyonunuzu tamamlamak i\u00e7in talimatlar\u0131 izleyin ve t\u00fcm ayr\u0131nt\u0131lar\u0131 i\u00e7eren bir onay e-postas\u0131 alacaks\u0131n\u0131z.<\/span><\/p>\n<\/div>\n<\/div>\n<\/div>\n<\/div>\n<\/div>\n<\/div>\n<div class=\"brz-accordion__item\">\n<div class=\"brz-accordion__nav\" data-brz-collapsible=\"on\">\n<h5 data-brz-translate-text=\"1\" class=\"brz-accordion__nav-title brz-h5 brz-text__editor\">Havaalan\u0131 transferlerinizde ne t\u00fcr ara\u00e7lar kullan\u0131yorsunuz?<\/h5>\n<\/div>\n<div class=\"brz-accordion__content brz-d-xs-flex brz-flex-xs-column\">\n<div class=\"brz-accordion__item-content brz-d-xs-flex brz-flex-xs-column\">\n<div id=\"\" class=\"brz-css-1hh1o5k brz-css-kz2pxp brz-wrapper\">\n<div class=\"brz-rich-text brz-rich-text__custom brz-css-uwab1r\" data-brz-custom-id=\"e2OPLLliDHLs\">\n<div data-brz-translate-text=\"1\">\n<p class=\"brz-tp-lg-paragraph brz-css-bLhFS\" data-generated-css=\"brz-css-jH14o\" data-uniq-id=\"lrrY1\"><span class=\"brz-cp-color7\">Minib\u00fcsler ve l\u00fcks arabalar dahil olmak \u00fczere ihtiya\u00e7lar\u0131n\u0131za uygun geni\u015f bir ara\u00e7 yelpazesi sunuyoruz. \u0130ster tek ba\u015f\u0131n\u0131za ister kalabal\u0131k bir grupla seyahat edin, konforlu bir yolculuk sa\u011flamak i\u00e7in m\u00fckemmel arac\u0131m\u0131z var.<\/span><\/p>\n<\/div>\n<\/div>\n<\/div>\n<\/div>\n<\/div>\n<\/div>\n<div class=\"brz-accordion__item\">\n<div class=\"brz-accordion__nav\" data-brz-collapsible=\"on\">\n<h5 data-brz-translate-text=\"1\" class=\"brz-accordion__nav-title brz-h5 brz-text__editor\">Transfer hizmeti 7\/24 mevcut mu?<\/h5>\n<\/div>\n<div class=\"brz-accordion__content brz-d-xs-flex brz-flex-xs-column\">\n<div class=\"brz-accordion__item-content brz-d-xs-flex brz-flex-xs-column\">\n<div id=\"\" class=\"brz-css-1hh1o5k brz-css-1npnprs brz-wrapper\">\n<div class=\"brz-rich-text brz-rich-text__custom brz-css-uwab1r\" data-brz-custom-id=\"g_L0CQfTn7cp\">\n<div data-brz-translate-text=\"1\">\n<p class=\"brz-tp-lg-paragraph brz-css-qeUYn\" data-uniq-id=\"pRyoj\" data-generated-css=\"brz-css-y6RiQ\"><span class=\"brz-cp-color7\">Evet, transfer hizmetimiz haftan\u0131n 7 g\u00fcn\u00fc, g\u00fcnde 24 saat hizmet vermektedir. U\u00e7u\u015funuz hangi saatte var\u0131r veya kalkarsa kalks\u0131n, g\u00fcvenilir ula\u015f\u0131m sa\u011flamak i\u00e7in buraday\u0131z.<\/span><\/p>\n<\/div>\n<\/div>\n<\/div>\n<\/div>\n<\/div>\n<\/div>\n<div class=\"brz-accordion__item\">\n<div class=\"brz-accordion__nav\" data-brz-collapsible=\"on\">\n<h5 data-brz-translate-text=\"1\" class=\"brz-accordion__nav-title brz-h5 brz-text__editor\">U\u00e7u\u015fum gecikirse ne olur?<\/h5>\n<\/div>\n<div class=\"brz-accordion__content brz-d-xs-flex brz-flex-xs-column\">\n<div class=\"brz-accordion__item-content brz-d-xs-flex brz-flex-xs-column\">\n<div id=\"\" class=\"brz-css-1hh1o5k brz-css-1vavxa4 brz-wrapper\">\n<div class=\"brz-rich-text brz-rich-text__custom brz-css-uwab1r\" data-brz-custom-id=\"pWntZOYPS0ps\">\n<div data-brz-translate-text=\"1\">\n<p class=\"brz-tp-lg-paragraph brz-css-vV03T\" data-uniq-id=\"l4npU\" data-generated-css=\"brz-css-xwSL_\"><span class=\"brz-cp-color7\">Endi\u015felenmeyin! T\u00fcm u\u00e7u\u015flar\u0131 ger\u00e7ek zamanl\u0131 olarak izliyoruz, bu nedenle u\u00e7u\u015funuz gecikirse s\u00fcr\u00fcc\u00fcn\u00fcz otomatik olarak bilgilendirilecek ve program\u0131n\u0131 buna g\u00f6re ayarlayacakt\u0131r. Uzun s\u00fcreli bir gecikme ya\u015famad\u0131\u011f\u0131n\u0131z s\u00fcrece bizimle ileti\u015fime ge\u00e7menize gerek yok.<\/span><\/p>\n<\/div>\n<\/div>\n<\/div>\n<\/div>\n<\/div>\n<\/div>\n<div class=\"brz-accordion__item\">\n<div class=\"brz-accordion__nav\" data-brz-collapsible=\"on\">\n<h5 data-brz-translate-text=\"1\" class=\"brz-accordion__nav-title brz-h5 brz-text__editor\">Transferimde \u00e7ocuk koltu\u011fu talep edebilir miyim?<\/h5>\n<\/div>\n<div class=\"brz-accordion__content brz-d-xs-flex brz-flex-xs-column\">\n<div class=\"brz-accordion__item-content brz-d-xs-flex brz-flex-xs-column\">\n<div id=\"\" class=\"brz-css-1hh1o5k brz-css-1lk21k0 brz-wrapper\">\n<div class=\"brz-rich-text brz-rich-text__custom brz-css-uwab1r\" data-brz-custom-id=\"nis4p8RThwmA\">\n<div data-brz-translate-text=\"1\">\n<p class=\"brz-tp-lg-paragraph brz-css-yFmdO\" data-generated-css=\"brz-css-eFYRO\" data-uniq-id=\"oEjIE\"><span class=\"brz-cp-color7\">Kesinlikle! Talebiniz \u00fczerine \u00fccretsiz \u00e7ocuk koltu\u011fu sa\u011fl\u0131yoruz. Rezervasyon i\u015flemi s\u0131ras\u0131nda bize bildirmeniz veya m\u00fc\u015fteri hizmetleri ekibimize \u00f6nceden bilgi vermeniz yeterli, b\u00f6ylece seyahatiniz i\u00e7in her \u015feyin haz\u0131r oldu\u011fundan emin olaca\u011f\u0131z.<\/span><\/p>\n<\/div>\n<\/div>\n<\/div>\n<\/div>\n<\/div>\n<\/div>\n<div class=\"brz-accordion__item\">\n<div class=\"brz-accordion__nav\" data-brz-collapsible=\"on\">\n<h5 data-brz-translate-text=\"1\" class=\"brz-accordion__nav-title brz-h5 brz-text__editor\">S\u00fcr\u00fcc\u00fcleriniz profesyonel e\u011fitimli mi?<\/h5>\n<\/div>\n<div class=\"brz-accordion__content brz-d-xs-flex brz-flex-xs-column\">\n<div class=\"brz-accordion__item-content brz-d-xs-flex brz-flex-xs-column\">\n<div id=\"\" class=\"brz-css-1hh1o5k brz-css-159ymbj brz-wrapper\">\n<div class=\"brz-rich-text brz-rich-text__custom brz-css-uwab1r\" data-brz-custom-id=\"pXsNlhONZjNA\">\n<div data-brz-translate-text=\"1\">\n<p class=\"brz-tp-lg-paragraph brz-css-pKCxY\" data-generated-css=\"brz-css-nSINR\" data-uniq-id=\"fbSbX\"><span class=\"brz-cp-color7\">Evet, t\u00fcm s\u00fcr\u00fcc\u00fclerimiz son derece deneyimli, lisansl\u0131d\u0131r ve g\u00fcvenlik ve profesyonelli\u011fi garantilemek i\u00e7in d\u00fczenli e\u011fitimlerden ge\u00e7erler. Ayr\u0131ca, sorunsuz ve verimli bir yolculuk sa\u011flamak i\u00e7in en iyi rotalar hakk\u0131nda da bilgi sahibidirler.<\/span><\/p>\n<\/div>\n<\/div>\n<\/div>\n<\/div>\n<\/div>\n<\/div>\n<div class=\"brz-accordion__item\">\n<div class=\"brz-accordion__nav\" data-brz-collapsible=\"on\">\n<h5 data-brz-translate-text=\"1\" class=\"brz-accordion__nav-title brz-h5 brz-text__editor\">\u0130ptal politikan\u0131z nedir?<\/h5>\n<\/div>\n<div class=\"brz-accordion__content brz-d-xs-flex brz-flex-xs-column\">\n<div class=\"brz-accordion__item-content brz-d-xs-flex brz-flex-xs-column\">\n<div id=\"\" class=\"brz-css-1hh1o5k brz-css-1666did brz-wrapper\">\n<div class=\"brz-rich-text brz-rich-text__custom brz-css-uwab1r\" data-brz-custom-id=\"qEoYJ2MBGms8\">\n<div data-brz-translate-text=\"1\">\n<p class=\"brz-tp-lg-paragraph brz-css-vfOHF\" data-generated-css=\"brz-css-mRSd5\" data-uniq-id=\"bh89A\"><span class=\"brz-cp-color7\">Planlanan transferinizden 24 saat \u00f6ncesine kadar rezervasyonunuzu herhangi bir \u00fccret \u00f6demeden iptal edebilirsiniz. 24 saat i\u00e7inde iptal ederseniz, k\u00fc\u00e7\u00fck bir \u00fccret uygulanabilir. Daha fazla ayr\u0131nt\u0131 i\u00e7in l\u00fctfen \u015fartlar ve ko\u015fullar\u0131m\u0131z\u0131 inceleyin.<\/span><\/p>\n<\/div>\n<\/div>\n<\/div>\n<\/div>\n<\/div>\n<\/div>\n<div class=\"brz-accordion__item\">\n<div class=\"brz-accordion__nav\" data-brz-collapsible=\"on\">\n<h5 data-brz-translate-text=\"1\" class=\"brz-accordion__nav-title brz-h5 brz-text__editor\">D\u00fc\u011f\u00fcn, \u015firket gezileri gibi \u00f6zel etkinlikler i\u00e7in hizmet veriyor musunuz?<\/h5>\n<\/div>\n<div class=\"brz-accordion__content brz-d-xs-flex brz-flex-xs-column\">\n<div class=\"brz-accordion__item-content brz-d-xs-flex brz-flex-xs-column\">\n<div id=\"\" class=\"brz-css-1hh1o5k brz-css-ro8s16 brz-wrapper\">\n<div class=\"brz-rich-text brz-rich-text__custom brz-css-uwab1r\" data-brz-custom-id=\"ygK71tXpq29R\">\n<div data-brz-translate-text=\"1\">\n<p class=\"brz-tp-lg-paragraph brz-css-gzF2S\" data-generated-css=\"brz-css-jlcYi\" data-uniq-id=\"r91uK\"><span class=\"brz-cp-color7\">Evet, d\u00fc\u011f\u00fcnler, kurumsal etkinlikler ve \u00f6zel turlar dahil olmak \u00fczere \u00f6zel g\u00fcnler i\u00e7in ula\u015f\u0131m sa\u011flama konusunda uzmanla\u015ft\u0131k. \u00d6zel gereksinimlerinizi g\u00f6r\u00fc\u015fmek i\u00e7in ekibimizle ileti\u015fime ge\u00e7in, ihtiya\u00e7lar\u0131n\u0131z\u0131 kar\u015f\u0131layacak bir paket haz\u0131rlayal\u0131m.<\/span><\/p>\n<\/div>\n<\/div>\n<\/div>\n<\/div>\n<\/div>\n<\/div>\n<div class=\"brz-accordion__item\">\n<div class=\"brz-accordion__nav\" data-brz-collapsible=\"on\">\n<h5 data-brz-translate-text=\"1\" class=\"brz-accordion__nav-title brz-h5 brz-text__editor\">Transferimi ne kadar \u00f6nceden rezerve etmeliyim?<\/h5>\n<\/div>\n<div class=\"brz-accordion__content brz-d-xs-flex brz-flex-xs-column\">\n<div class=\"brz-accordion__item-content brz-d-xs-flex brz-flex-xs-column\">\n<div id=\"\" class=\"brz-css-1hh1o5k brz-css-15q3p0q brz-wrapper\">\n<div class=\"brz-rich-text brz-rich-text__custom brz-css-uwab1r\" data-brz-custom-id=\"nEQQXmxNpYpx\">\n<div data-brz-translate-text=\"1\">\n<p class=\"brz-tp-lg-paragraph brz-css-iGh9f\" data-generated-css=\"brz-css-q__XD\" data-uniq-id=\"xfpjI\"><span class=\"brz-cp-color7\">Son dakika rezervasyonlar\u0131 m\u00fcmk\u00fcn olmakla birlikte, \u00f6zellikle yo\u011fun seyahat sezonlar\u0131nda veya daha b\u00fcy\u00fck gruplar s\u00f6z konusu oldu\u011funda, m\u00fcsaitli\u011fi garanti alt\u0131na almak i\u00e7in en az 24-48 saat \u00f6nceden rezervasyon yapt\u0131rman\u0131z\u0131 \u00f6neririz.<\/span><\/p>\n<\/div>\n<\/div>\n<\/div>\n<\/div>\n<\/div>\n<\/div>\n<div class=\"brz-accordion__item\">\n<div class=\"brz-accordion__nav\" data-brz-collapsible=\"on\">\n<h5 data-brz-translate-text=\"1\" class=\"brz-accordion__nav-title brz-h5 brz-text__editor\">Hangi \u00f6deme y\u00f6ntemlerini kabul ediyorsunuz?<\/h5>\n<\/div>\n<div class=\"brz-accordion__content brz-d-xs-flex brz-flex-xs-column\">\n<div class=\"brz-accordion__item-content brz-d-xs-flex brz-flex-xs-column\">\n<div id=\"\" class=\"brz-css-1hh1o5k brz-css-rzr9rp brz-wrapper\">\n<div class=\"brz-rich-text brz-rich-text__custom brz-css-uwab1r\" data-brz-custom-id=\"awm5k0RWLU24\">\n<div data-brz-translate-text=\"1\">\n<p class=\"brz-tp-lg-paragraph brz-css-msEIO\" data-generated-css=\"brz-css-iQZV_\" data-uniq-id=\"qBZ90\"><span class=\"brz-cp-color7\">Kolayl\u0131\u011f\u0131n\u0131z i\u00e7in t\u00fcm b\u00fcy\u00fck kredi kartlar\u0131n\u0131, banka kartlar\u0131n\u0131 ve \u00e7evrimi\u00e7i \u00f6deme platformlar\u0131n\u0131 kabul ediyoruz. \u00d6deme web sitemiz \u00fczerinden g\u00fcvenli bir \u015fekilde i\u015flenir ve i\u015fleminizi tamamlad\u0131ktan sonra bir makbuz al\u0131rs\u0131n\u0131z.<\/span><\/p>\n<\/div>\n<\/div>\n<\/div>\n<\/div>\n<\/div>\n<\/div>\n<\/div>\n<\/div>\n<\/div>\n<\/div>\n<\/div>\n<\/div>\n<\/div>\n<\/div>\n<\/section>\n<\/div>\n<p>    <!-- version:1740945695 --><\/p>","protected":false},"excerpt":{"rendered":"<p>S\u0131k\u00e7a Sorulan Sorular Web siteniz \u00fczerinden bir transfer hizmeti nas\u0131l rezerve edebilirim? Transfer hizmeti rezervasyonu yapmak kolayd\u0131r! Sadece web sitemizi ziyaret edin, teslim alma yerinizi, var\u0131\u015f noktan\u0131z\u0131 ve seyahat tarihinizi girin, ard\u0131ndan tercih etti\u011finiz ara\u00e7 tipini se\u00e7in. Rezervasyonunuzu tamamlamak i\u00e7in talimatlar\u0131 izleyin ve t\u00fcm ayr\u0131nt\u0131lar\u0131 i\u00e7eren bir onay e-postas\u0131 alacaks\u0131n\u0131z. [\u2026]<\/p>","protected":false},"author":1,"featured_media":0,"parent":0,"menu_order":0,"comment_status":"closed","ping_status":"closed","template":"brizy-blank-template.php","meta":{"footnotes":""},"class_list":["post-15223","page","type-page","status-publish","hentry"],"brizy_media":[{"id":17986,"url":"https:\/\/bluestormtransfer.com\/wp-content\/uploads\/app-bg-img.jpg","name":"app-bg-img.jpg","meta":{"brizy_attachment_uid":"wp-9b53e8c61078b6c3ee916af82ebdc846.jpg","brizy_post_uid":["4dbd40f3498a1549d486be47b39be7da","3e359f1de2fb6e2bc8f558ff5d7e3d42"]}},{"id":18206,"url":"https:\/\/bluestormtransfer.com\/wp-content\/uploads\/bluestorm-018.jpg","name":"bluestorm-018.jpg","meta":{"brizy_attachment_uid":"wp-888d36aa5a6f70af47c08a3c1dbf11ae.jpg","brizy_post_uid":["6d80eb59d9e9b90fd82a721ce2c1a39e","3e359f1de2fb6e2bc8f558ff5d7e3d42","4dbd40f3498a1549d486be47b39be7da"]}}],"_links":{"self":[{"href":"https:\/\/bluestormtransfer.com\/tr\/wp-json\/wp\/v2\/pages\/15223","targetHints":{"allow":["GET"]}}],"collection":[{"href":"https:\/\/bluestormtransfer.com\/tr\/wp-json\/wp\/v2\/pages"}],"about":[{"href":"https:\/\/bluestormtransfer.com\/tr\/wp-json\/wp\/v2\/types\/page"}],"author":[{"embeddable":true,"href":"https:\/\/bluestormtransfer.com\/tr\/wp-json\/wp\/v2\/users\/1"}],"replies":[{"embeddable":true,"href":"https:\/\/bluestormtransfer.com\/tr\/wp-json\/wp\/v2\/comments?post=15223"}],"version-history":[{"count":0,"href":"https:\/\/bluestormtransfer.com\/tr\/wp-json\/wp\/v2\/pages\/15223\/revisions"}],"wp:attachment":[{"href":"https:\/\/bluestormtransfer.com\/tr\/wp-json\/wp\/v2\/media?parent=15223"}],"curies":[{"name":"wp","href":"https:\/\/api.w.org\/{rel}","templated":true}]}}