{"id":3,"date":"2021-03-04T03:57:43","date_gmt":"2021-03-04T00:57:43","guid":{"rendered":"https:\/\/moonlight-travel.com.tr\/?page_id=3"},"modified":"2026-04-16T14:10:46","modified_gmt":"2026-04-16T11:10:46","slug":"datenschutzrichtlinie","status":"publish","type":"page","link":"https:\/\/bluestormtransfer.com\/de\/privacy-policy\/","title":{"rendered":"Datenschutzrichtlinie"},"content":{"rendered":"<div class=\"brz-root__container brz-reset-all brz brz-root__container-page\">\n<section id=\"a62a2f0049626219276b_qqpewkmvokdbttoktvgyjtqxwkuugdalrify\" class=\"brz-section brz-css-pz339u\">\n<div class=\"brz-section__content brz-section--boxed brz-css-1ebwj62 brz-css-q2h5p4\" data-brz-custom-id=\"tksozhdtpkfrqngbqeenxpikzyduvlmhqupv\">\n<div class=\"brz-bg\">\n<div class=\"brz-bg-color\"><\/div>\n<\/div>\n<div class=\"brz-container brz-css-sy8aaq\">\n<div id=\"\" class=\"brz-css-1p9jy8b brz-wrapper\">\n<div class=\"brz-wp-title brz-css-c37nws brz-css-1vhqoej\" data-brz-custom-id=\"hheglgmijmjirgasdpkwemtcqnhdbtsbmkjb\"><span class=\"brz-wp-title-content\" style=\"min-height:20px\">Datenschutzrichtlinie<\/span><\/div>\n<\/div>\n<div id=\"\" class=\"brz-css-1p9jy8b brz-wrapper\">\n<div class=\"brz-rich-text brz-rich-text__custom brz-css-160jfc6\" data-brz-custom-id=\"klhwccexsgjkxehhipymlxvjsbdogqhivhss\">\n<div data-brz-translate-text=\"1\">\n<p class=\"brz-tp-lg-paragraph brz-css-xsyHN\" data-generated-css=\"brz-css-uLjwe\" data-uniq-id=\"z2mDa\"><strong>Wer sind wir<\/strong><\/p>\n<p class=\"brz-tp-lg-paragraph brz-css-c2VcH\" data-generated-css=\"brz-css-a84Sn\" data-uniq-id=\"tSOHl\">Unsere Website-Adresse: https:\/\/bluestormtransfer.com<\/p>\n<p class=\"brz-tp-lg-paragraph brz-css-kEfaS\" data-generated-css=\"brz-css-x1jmq\" data-uniq-id=\"cUaM5\"><\/p>\n<p class=\"brz-tp-lg-paragraph brz-css-nILCl\" data-generated-css=\"brz-css-wsJWl\" data-uniq-id=\"fR2B7\"><strong>Welche personenbezogenen Daten erfassen wir und zu welchem Zweck?<\/strong><\/p>\n<p class=\"brz-tp-lg-paragraph brz-css-dB9xF\" data-generated-css=\"brz-css-fa9o1\" data-uniq-id=\"skMPM\"><strong>Kommentare<\/strong><\/p>\n<p class=\"brz-tp-lg-paragraph brz-css-gwOd8\" data-generated-css=\"brz-css-jQSXS\" data-uniq-id=\"mySMY\">Wenn Besucher Kommentare auf der Website hinterlassen, erfassen wir die im Kommentarformular angezeigten Daten sowie die IP-Adresse des Besuchers und den Browser-Informationstext, um die Spam-Erkennung zu unterst\u00fctzen.<\/p>\n<p class=\"brz-tp-lg-paragraph brz-css-ur38d\" data-generated-css=\"brz-css-lDRqa\" data-uniq-id=\"nEDv7\"><\/p>\n<p class=\"brz-tp-lg-paragraph brz-css-bhUZv\" data-generated-css=\"brz-css-nat10\" data-uniq-id=\"jbSaZ\">Ein anonymisierter Text (auch Hash genannt), der aus Ihrer E-Mail-Adresse generiert wird, kann dem Gravatar-Dienst zur Verf\u00fcgung gestellt werden, um zu sehen, ob Sie den Dienst nutzen. Die Datenschutzbestimmungen des Gravatar-Dienstes finden Sie unter https:\/\/automattic.com\/privacy\/. Nachdem Ihr Kommentar genehmigt wurde, ist Ihr Profilbild zusammen mit Ihrem Kommentar f\u00fcr alle sichtbar.<\/p>\n<p class=\"brz-tp-lg-paragraph brz-css-wRQ07\" data-generated-css=\"brz-css-p6yvx\" data-uniq-id=\"j4kxE\"><\/p>\n<p class=\"brz-tp-lg-paragraph brz-css-mXubE\" data-generated-css=\"brz-css-uQEzj\" data-uniq-id=\"zSg29\"><strong>Umfeld<\/strong><\/p>\n<p class=\"brz-tp-lg-paragraph brz-css-sjE4h\" data-generated-css=\"brz-css-pJvHB\" data-uniq-id=\"gJs66\">Wenn Sie Bilder auf die Website hochladen, sollten Sie das Hochladen von Bildern vermeiden, die eingebettete Standortdaten (EXIF GPS) enthalten. Website-Besucher k\u00f6nnen beliebige Standortinformationen aus Bildern auf der Website herunterladen und extrahieren.<\/p>\n<p class=\"brz-tp-lg-paragraph brz-css-pbscu\" data-generated-css=\"brz-css-sotVJ\" data-uniq-id=\"zjK5g\"><\/p>\n<p class=\"brz-tp-lg-paragraph brz-css-yVe_6\" data-generated-css=\"brz-css-muNfT\" data-uniq-id=\"vlIzr\"><strong>Kontaktformulare<\/strong><\/p>\n<p class=\"brz-tp-lg-paragraph brz-css-cL4wy\" data-generated-css=\"brz-css-b5l3g\" data-uniq-id=\"uyPGC\"><strong>Kekse<\/strong><\/p>\n<p class=\"brz-tp-lg-paragraph brz-css-kw9Z4\" data-generated-css=\"brz-css-pvENA\" data-uniq-id=\"viToE\">Wenn Sie einen Kommentar auf unserer Website hinterlassen, k\u00f6nnen Sie Ihren Namen, Ihre E-Mail-Adresse und Ihre Website in Cookies speichern. Diese dienen Ihrer Bequemlichkeit, damit Sie Ihre Daten nicht erneut eingeben m\u00fcssen, wenn Sie einen weiteren Kommentar hinterlassen. Diese Cookies bleiben ein Jahr lang bestehen.<\/p>\n<p class=\"brz-tp-lg-paragraph brz-css-lnJ5K\" data-generated-css=\"brz-css-gtMaq\" data-uniq-id=\"i6dEQ\"><\/p>\n<p class=\"brz-tp-lg-paragraph brz-css-ySn69\" data-generated-css=\"brz-css-cljbZ\" data-uniq-id=\"o95MD\">Wenn Sie unsere Homepage besuchen, setzen wir ein tempor\u00e4res Cookie, um festzustellen, ob Ihr Browser Cookies akzeptiert. Dieses Cookie enth\u00e4lt keine personenbezogenen Daten und wird verworfen, wenn Sie Ihren Browser schlie\u00dfen.<\/p>\n<p class=\"brz-tp-lg-paragraph brz-css-dcuZ2\" data-generated-css=\"brz-css-iBclI\" data-uniq-id=\"aSrUv\"><\/p>\n<p class=\"brz-tp-lg-paragraph brz-css-k11MC\" data-generated-css=\"brz-css-vSHNF\" data-uniq-id=\"wPxat\">Wenn Sie sich anmelden, speichern wir einige Cookies, um Ihre Anmeldeinformationen und die Auswahl der Bildschirmansicht zu speichern. Anmelde-Cookies bleiben zwei Tage und Bildschirmoptionen-Cookies ein Jahr lang bestehen. W\u00e4hlen Sie die Option \u201eAngemeldet bleiben\u201c. Ihr Login ist zwei Wochen lang g\u00fcltig. Wenn Sie sich von Ihrem Konto abmelden, werden die Anmeldecookies entfernt.<\/p>\n<p class=\"brz-tp-lg-paragraph brz-css-nGJ7s\" data-generated-css=\"brz-css-xQqYN\" data-uniq-id=\"tLfYG\"><\/p>\n<p class=\"brz-tp-lg-paragraph brz-css-csxKY\" data-generated-css=\"brz-css-mT0Zo\" data-uniq-id=\"bEUBl\">Wenn Sie einen Artikel bearbeiten oder ver\u00f6ffentlichen, wird ein zus\u00e4tzlicher Cookie in Ihrem Browser gespeichert. Dieses Cookie enth\u00e4lt keine personenbezogenen Daten und zeigt lediglich die Beitrags-ID des Artikels an, den Sie bearbeiten. Es l\u00e4uft nach 1 Tag ab.<\/p>\n<p class=\"brz-tp-lg-paragraph brz-css-gF2UV\" data-generated-css=\"brz-css-yXhvM\" data-uniq-id=\"xJDbT\"><\/p>\n<p class=\"brz-tp-lg-paragraph brz-css-uEJJ2\" data-generated-css=\"brz-css-hvo3C\" data-uniq-id=\"wKq7M\"><\/p>\n<p class=\"brz-tp-lg-paragraph brz-css-dNJ6Q\" data-generated-css=\"brz-css-nfcdK\" data-uniq-id=\"e5X8b\"><strong>Von anderen Websites eingebettete Inhalte<\/strong><\/p>\n<p class=\"brz-tp-lg-paragraph brz-css-uuvql\" data-generated-css=\"brz-css-bAKYG\" data-uniq-id=\"epWRh\">Artikel auf dieser Website k\u00f6nnen eingebettete Inhalte enthalten (z. B. Videos, Bilder, Artikel usw.). Von anderen Websites eingebettete Inhalte verhalten sich genauso, als ob der Besucher die andere Website besucht h\u00e4tte.<\/p>\n<p class=\"brz-tp-lg-paragraph brz-css-w2Ceo\" data-generated-css=\"brz-css-zOtzg\" data-uniq-id=\"x4HTK\"><\/p>\n<p class=\"brz-tp-lg-paragraph brz-css-nYC6r\" data-generated-css=\"brz-css-m014g\" data-uniq-id=\"t7vL7\">Diese Websites k\u00f6nnen Daten \u00fcber Sie sammeln, Cookies verwenden, Tracking von Drittanbietern einbetten und Ihre Interaktion mit diesem eingebetteten Inhalt \u00fcberwachen, einschlie\u00dflich der Verfolgung Ihrer Interaktion mit dem eingebetteten Inhalt, wenn Sie \u00fcber ein Konto verf\u00fcgen und auf dieser Website angemeldet sind.<\/p>\n<p class=\"brz-tp-lg-paragraph brz-css-bws5w\" data-generated-css=\"brz-css-j49RK\" data-uniq-id=\"wJaCJ\"><\/p>\n<p class=\"brz-tp-lg-paragraph brz-css-j2_Zc\" data-generated-css=\"brz-css-z71HE\" data-uniq-id=\"jlEy8\"><strong>Analyse<\/strong><\/p>\n<p class=\"brz-tp-lg-paragraph brz-css-eFSQ3\" data-generated-css=\"brz-css-l2WgN\" data-uniq-id=\"crojV\"><strong>Mit wem wir Ihre Daten teilen<\/strong><\/p>\n<p class=\"brz-tp-lg-paragraph brz-css-nZNFh\" data-generated-css=\"brz-css-gZTcK\" data-uniq-id=\"tv6E4\">Wenn Sie eine Passwortzur\u00fccksetzung anfordern, ist Ihre IP-Adresse in der Zur\u00fccksetzungs-E-Mail enthalten.<\/p>\n<p class=\"brz-tp-lg-paragraph brz-css-rwQJQ\" data-generated-css=\"brz-css-olCkB\" data-uniq-id=\"vgbF1\"><\/p>\n<p class=\"brz-tp-lg-paragraph brz-css-eGp4X\" data-generated-css=\"brz-css-ncfdd\" data-uniq-id=\"tUdgD\"><strong>Wie lange wir Ihre Daten aufbewahren<\/strong><\/p>\n<p class=\"brz-tp-lg-paragraph brz-css-woxl0\" data-generated-css=\"brz-css-z4QXR\" data-uniq-id=\"nqrCI\">Wenn Sie einen Kommentar hinterlassen, bleiben der Kommentar und seine Metadaten auf unbestimmte Zeit erhalten. Auf diese Weise k\u00f6nnen wir Ihre Folgekommentare automatisch erkennen und freigeben, anstatt sie in der Moderationswarteschlange zu belassen.<\/p>\n<p class=\"brz-tp-lg-paragraph brz-css-mE1WO\" data-generated-css=\"brz-css-f3xDk\" data-uniq-id=\"a24_0\"><\/p>\n<p class=\"brz-tp-lg-paragraph brz-css-hAmjO\" data-generated-css=\"brz-css-oNYyi\" data-uniq-id=\"pU26S\">F\u00fcr Nutzer, die sich auf unserer Website registrieren (sofern vorhanden), speichern wir au\u00dferdem die von ihnen angegebenen personenbezogenen Daten in ihrem Nutzerprofil. Alle Benutzer k\u00f6nnen ihre pers\u00f6nlichen Daten jederzeit einsehen, bearbeiten oder l\u00f6schen (mit Ausnahme der \u00c4nderung des Benutzernamens). Auch Website-Administratoren k\u00f6nnen diese Informationen einsehen und bearbeiten.<\/p>\n<p class=\"brz-tp-lg-paragraph brz-css-dba4d\" data-generated-css=\"brz-css-iIe_T\" data-uniq-id=\"zcUsV\"><\/p>\n<p class=\"brz-tp-lg-paragraph brz-css-qTMND\" data-generated-css=\"brz-css-oLpiE\" data-uniq-id=\"vOKOh\"><strong>Welche Rechte haben Sie bez\u00fcglich Ihrer Daten?<\/strong><\/p>\n<p class=\"brz-tp-lg-paragraph brz-css-n0iRa\" data-generated-css=\"brz-css-ylPyD\" data-uniq-id=\"r02pV\">Wenn Sie ein Konto oder Kommentare auf dieser Website haben, k\u00f6nnen Sie den Erhalt einer exportierten Datei der personenbezogenen Daten anfordern, die wir \u00fcber Sie gespeichert haben, einschlie\u00dflich der Daten, die Sie uns zur Verf\u00fcgung gestellt haben. Sie k\u00f6nnen auch die L\u00f6schung aller personenbezogenen Daten beantragen, die wir \u00fcber Sie gespeichert haben. Hiervon ausgenommen sind Daten, deren Einhaltung wir aus administrativen, rechtlichen oder sicherheitstechnischen Gr\u00fcnden verpflichten.<\/p>\n<p class=\"brz-tp-lg-paragraph brz-css-vB4UR\" data-generated-css=\"brz-css-a1hdP\" data-uniq-id=\"q7ZPh\"><\/p>\n<p class=\"brz-tp-lg-paragraph brz-css-bEne_\" data-generated-css=\"brz-css-xEtO9\" data-uniq-id=\"aEmJv\"><strong>Wohin senden wir Ihre Daten?<\/strong><\/p>\n<p class=\"brz-tp-lg-paragraph brz-css-o5dRu\" data-generated-css=\"brz-css-gA5O7\" data-uniq-id=\"e8la1\">Besucherkommentare k\u00f6nnen durch den automatisierten Spam-Erkennungsdienst \u00fcberpr\u00fcft werden.<\/p>\n<p class=\"brz-tp-lg-paragraph brz-css-oqTYa\" data-generated-css=\"brz-css-qYs_J\" data-uniq-id=\"uVSqH\"><\/p>\n<p class=\"brz-tp-lg-paragraph brz-css-dIS7L\" data-generated-css=\"brz-css-sqkKc\" data-uniq-id=\"gWgly\"><strong>Ihre Kontaktinformationen<\/strong><\/p>\n<p class=\"brz-tp-lg-paragraph brz-css-vkrFr\" data-generated-css=\"brz-css-hdOxG\" data-uniq-id=\"iJWuh\">Weitere Informationen<\/p>\n<p class=\"brz-tp-lg-paragraph brz-css-akNc7\" data-generated-css=\"brz-css-fQiwV\" data-uniq-id=\"kaVj6\">Wie wir Ihre Daten sch\u00fctzen<\/p>\n<p class=\"brz-tp-lg-paragraph brz-css-n2JS1\" data-generated-css=\"brz-css-k_N7U\" data-uniq-id=\"o3ddv\">Welche Verfahren bei Datenschutzverletzungen gibt es bei uns?<\/p>\n<p class=\"brz-tp-lg-paragraph brz-css-ehbnF\" data-generated-css=\"brz-css-zY8Dn\" data-uniq-id=\"qaTDq\">Von welchen Dritten wir Daten erhalten<\/p>\n<p class=\"brz-tp-lg-paragraph brz-css-wUaaU\" data-generated-css=\"brz-css-s4vcB\" data-uniq-id=\"oY8Ac\">Welche Art von automatisierter Entscheidungsfindung und\/oder Profilerstellung wir mit Benutzerdaten durchf\u00fchren?<\/p>\n<p class=\"brz-tp-lg-paragraph brz-css-zWAsy\" data-uniq-id=\"lAsg5\" data-generated-css=\"brz-css-nG7rK\">Die Verpflichtung des Industrieministeriums zur Information der \u00d6ffentlichkeit<\/p>\n<\/div>\n<\/div>\n<\/div>\n<\/div>\n<\/div>\n<\/section>\n<\/div>\n<p>    <!-- version:1740959362 --><\/p>","protected":false},"excerpt":{"rendered":"<p>Datenschutzrichtlinie Wer wir sind Unsere Website-Adresse: https:\/\/bluestormtransfer.com Welche personenbezogenen Daten erheben wir und zu welchem Zweck? Kommentare Wenn Besucher Kommentare auf der Website hinterlassen, erfassen wir die im Kommentarformular angezeigten Daten sowie die IP-Adresse und Browserinformationen des Besuchers, um die Spam-Erkennung zu unterst\u00fctzen. Ein anonymisierter Text (auch [\u2026]<\/p>","protected":false},"author":1,"featured_media":0,"parent":0,"menu_order":0,"comment_status":"closed","ping_status":"open","template":"brizy-blank-template.php","meta":{"footnotes":""},"class_list":["post-3","page","type-page","status-publish","hentry"],"brizy_media":[],"_links":{"self":[{"href":"https:\/\/bluestormtransfer.com\/de\/wp-json\/wp\/v2\/pages\/3","targetHints":{"allow":["GET"]}}],"collection":[{"href":"https:\/\/bluestormtransfer.com\/de\/wp-json\/wp\/v2\/pages"}],"about":[{"href":"https:\/\/bluestormtransfer.com\/de\/wp-json\/wp\/v2\/types\/page"}],"author":[{"embeddable":true,"href":"https:\/\/bluestormtransfer.com\/de\/wp-json\/wp\/v2\/users\/1"}],"replies":[{"embeddable":true,"href":"https:\/\/bluestormtransfer.com\/de\/wp-json\/wp\/v2\/comments?post=3"}],"version-history":[{"count":0,"href":"https:\/\/bluestormtransfer.com\/de\/wp-json\/wp\/v2\/pages\/3\/revisions"}],"wp:attachment":[{"href":"https:\/\/bluestormtransfer.com\/de\/wp-json\/wp\/v2\/media?parent=3"}],"curies":[{"name":"wp","href":"https:\/\/api.w.org\/{rel}","templated":true}]}}