{"id":15223,"date":"2021-08-22T00:02:47","date_gmt":"2021-08-21T21:02:47","guid":{"rendered":"https:\/\/moonlight-travel.com.tr\/?page_id=15223"},"modified":"2026-04-16T13:09:20","modified_gmt":"2026-04-16T10:09:20","slug":"faq","status":"publish","type":"page","link":"https:\/\/bluestormtransfer.com\/de\/faq\/","title":{"rendered":"FAQ"},"content":{"rendered":"<div class=\"brz-root__container brz-reset-all brz brz-root__container-page\">\n<section id=\"6ded3fb9f6455ad0c3ab_ywhMrbygO8KX\" class=\"brz-section brz-css-txycbn\">\n<div class=\"brz-section__content brz-section--boxed brz-css-1awwfet brz-css-9bf9nt\" data-brz-custom-id=\"qCoGSoYepRLJ\">\n<div class=\"brz-bg\">\n<div class=\"brz-bg-color\"><\/div>\n<\/div>\n<div class=\"brz-container brz-css-edq38b\">\n<div class=\"brz-row__container brz-css-66p8cs\" data-brz-custom-id=\"tmsdWI6J3BPc\">\n<div class=\"brz-bg\"><\/div>\n<div class=\"brz-row brz-css-1wewj8e brz-css-1qdt84t\">\n<div data-brz-iteration-count=\"1\" class=\"brz-columns brz-css-13n3a1q brz-css-1r0pa7i brz-animated brz-css-15mlw1j brz-css-1djbwqr\" data-brz-custom-id=\"abNidWBm2fvX\">\n<div class=\"brz-bg\"><\/div>\n<div class=\"brz-column__items brz-css-ckxsug\">\n<div id=\"\" class=\"brz-css-1hh1o5k brz-wrapper\">\n<div class=\"brz-image brz-css-1cux3t8 brz-css-sfl88k\" data-brz-custom-id=\"qGDvlOn__D5u\"><source srcset=\"https:\/\/bluestormtransfer.com\/wp-content\/uploads\/brizy\/imgs\/bluestorm-018-685x760x146x0x380x760x1740943741.jpg 1x, https:\/\/bluestormtransfer.com\/?goup_media=wp-888d36aa5a6f70af47c08a3c1dbf11ae.jpg&amp;goup_crop=iW%3D1370%26iH%3D1520%26oX%3D292%26oY%3D0%26cW%3D760%26cH%3D1520 2x\" media=\"(min-width: 992px)\"><source srcset=\"https:\/\/bluestormtransfer.com\/?goup_media=wp-888d36aa5a6f70af47c08a3c1dbf11ae.jpg&amp;goup_crop=iW%3D400%26iH%3D444%26oX%3D77%26oY%3D0%26cW%3D239%26cH%3D444 1x, https:\/\/bluestormtransfer.com\/?goup_media=wp-888d36aa5a6f70af47c08a3c1dbf11ae.jpg&amp;goup_crop=iW%3D800%26iH%3D888%26oX%3D154%26oY%3D0%26cW%3D478%26cH%3D888 2x\" media=\"(min-width: 768px)\"><img decoding=\"async\" class=\"brz-img\" src=\"https:\/\/bluestormtransfer.com\/wp-content\/uploads\/brizy\/imgs\/bluestorm-018-685x760x146x0x380x760x1740943741.jpg\" alt=\"\" loading=\"lazy\"><\/div>\n<\/div>\n<\/div>\n<\/div>\n<div class=\"brz-columns brz-css-13n3a1q brz-css-16vo60u\" data-brz-custom-id=\"v2X4psI_gH45\">\n<div class=\"brz-bg\"><\/div>\n<div class=\"brz-column__items brz-css-ckxsug brz-css-ocz8c8\">\n<div id=\"\" data-brz-iteration-count=\"1\" class=\"brz-css-1hh1o5k brz-wrapper brz-animated brz-css-pk600l brz-css-1y7kp0n\" data-animationid=\"wHnEYdc3DhFe\">\n<div class=\"brz-rich-text brz-rich-text__custom brz-css-uwab1r\" data-brz-custom-id=\"uLksCsgMEWxs\">\n<div data-brz-translate-text=\"1\">\n<h1 class=\"brz-ff-lato brz-tp-lg-heading2 brz-ft-google brz-fs-lg-16 brz-fss-lg-px brz-fw-lg-400 brz-lh-lg-1_3 brz-ls-lg-0 brz-vfw-lg-400 brz-fwdth-lg-100 brz-fsft-lg-0 brz-bcp-empty brz-css-qrBYE\" data-generated-css=\"brz-css-wiNH0\" data-uniq-id=\"ocBbR\"><span class=\"brz-cp-color1\"><span class=\"text-gradient brz-image-gradient\" data-gradient_type=\"linear-gradient\" data-gradient_radial_position=\"90\" data-gradient_linear_angle=\"150\" data-gradient_start_pointer=\"34\" data-gradient_finish_pointer=\"68\" data-gradient_active_pointer=\"finishPointer\" data-gradient_start_hex=\"#02D2B4\" data-gradient_finish_hex=\"#0076F9\" data-gradient_start_opacity=\"1\" data-gradient_finish_opacity=\"1\" data-gradient_start_palette=\"color1\" data-gradient_finish_palette=\"color3\">H\u00e4ufig gestellte Fragen<\/span><\/span><\/h1>\n<\/div>\n<\/div>\n<\/div>\n<div id=\"\" class=\"brz-css-1hh1o5k brz-wrapper\">\n<div class=\"brz-accordion brz-css-wbpdc8 brz-css-165vak1\" data-brz-duration=\"300\" data-brz-custom-id=\"cfrnE71Y9aUi\">\n<div class=\"brz-accordion__item brz-accordion__item--active\">\n<div class=\"brz-accordion__nav\" data-brz-collapsible=\"on\">\n<h5 data-brz-translate-text=\"1\" class=\"brz-accordion__nav-title brz-h5 brz-text__editor\">Wie buche ich einen Transferservice \u00fcber Ihre Website?<\/h5>\n<\/div>\n<div class=\"brz-accordion__content brz-d-xs-flex brz-flex-xs-column\">\n<div class=\"brz-accordion__item-content brz-d-xs-flex brz-flex-xs-column\">\n<div id=\"\" class=\"brz-css-1hh1o5k brz-css-1kcgt7d brz-wrapper\">\n<div class=\"brz-rich-text brz-rich-text__custom brz-css-uwab1r\" data-brz-custom-id=\"zhmoclp8TnXs\">\n<div data-brz-translate-text=\"1\">\n<p class=\"brz-tp-lg-paragraph brz-css-qQNBH\" data-uniq-id=\"aBAMM\" data-generated-css=\"brz-css-tBnxy\"><span class=\"brz-cp-color7\">Einen Transferservice zu buchen ist ganz einfach! Besuchen Sie einfach unsere Website, geben Sie Ihren Abholort, Ihr Ziel und Ihr Reisedatum ein und w\u00e4hlen Sie dann den gew\u00fcnschten Fahrzeugtyp aus. Folgen Sie den Anweisungen, um Ihre Buchung abzuschlie\u00dfen. Sie erhalten dann eine Best\u00e4tigungs-E-Mail mit allen Einzelheiten.<\/span><\/p>\n<\/div>\n<\/div>\n<\/div>\n<\/div>\n<\/div>\n<\/div>\n<div class=\"brz-accordion__item\">\n<div class=\"brz-accordion__nav\" data-brz-collapsible=\"on\">\n<h5 data-brz-translate-text=\"1\" class=\"brz-accordion__nav-title brz-h5 brz-text__editor\">Welche Fahrzeugtypen bieten Sie f\u00fcr Flughafentransfers an?<\/h5>\n<\/div>\n<div class=\"brz-accordion__content brz-d-xs-flex brz-flex-xs-column\">\n<div class=\"brz-accordion__item-content brz-d-xs-flex brz-flex-xs-column\">\n<div id=\"\" class=\"brz-css-1hh1o5k brz-css-kz2pxp brz-wrapper\">\n<div class=\"brz-rich-text brz-rich-text__custom brz-css-uwab1r\" data-brz-custom-id=\"e2OPLLliDHLs\">\n<div data-brz-translate-text=\"1\">\n<p class=\"brz-tp-lg-paragraph brz-css-bLhFS\" data-generated-css=\"brz-css-jH14o\" data-uniq-id=\"lrrY1\"><span class=\"brz-cp-color7\">Wir bieten eine gro\u00dfe Auswahl an Fahrzeugen f\u00fcr Ihre Bed\u00fcrfnisse, darunter Minibusse und Luxusautos. Egal, ob Sie alleine oder in einer gro\u00dfen Gruppe reisen, wir haben das perfekte Fahrzeug f\u00fcr eine komfortable Reise.<\/span><\/p>\n<\/div>\n<\/div>\n<\/div>\n<\/div>\n<\/div>\n<\/div>\n<div class=\"brz-accordion__item\">\n<div class=\"brz-accordion__nav\" data-brz-collapsible=\"on\">\n<h5 data-brz-translate-text=\"1\" class=\"brz-accordion__nav-title brz-h5 brz-text__editor\">Ist der Transferservice rund um die Uhr verf\u00fcgbar?<\/h5>\n<\/div>\n<div class=\"brz-accordion__content brz-d-xs-flex brz-flex-xs-column\">\n<div class=\"brz-accordion__item-content brz-d-xs-flex brz-flex-xs-column\">\n<div id=\"\" class=\"brz-css-1hh1o5k brz-css-1npnprs brz-wrapper\">\n<div class=\"brz-rich-text brz-rich-text__custom brz-css-uwab1r\" data-brz-custom-id=\"g_L0CQfTn7cp\">\n<div data-brz-translate-text=\"1\">\n<p class=\"brz-tp-lg-paragraph brz-css-qeUYn\" data-uniq-id=\"pRyoj\" data-generated-css=\"brz-css-y6RiQ\"><span class=\"brz-cp-color7\">Ja, unser Transferservice ist 24 Stunden am Tag, 7 Tage die Woche verf\u00fcgbar. Egal, wann Ihr Flug ankommt oder abfliegt, wir sind f\u00fcr Sie da und bieten Ihnen einen zuverl\u00e4ssigen Transport.<\/span><\/p>\n<\/div>\n<\/div>\n<\/div>\n<\/div>\n<\/div>\n<\/div>\n<div class=\"brz-accordion__item\">\n<div class=\"brz-accordion__nav\" data-brz-collapsible=\"on\">\n<h5 data-brz-translate-text=\"1\" class=\"brz-accordion__nav-title brz-h5 brz-text__editor\">Was passiert, wenn mein Flug Versp\u00e4tung hat?<\/h5>\n<\/div>\n<div class=\"brz-accordion__content brz-d-xs-flex brz-flex-xs-column\">\n<div class=\"brz-accordion__item-content brz-d-xs-flex brz-flex-xs-column\">\n<div id=\"\" class=\"brz-css-1hh1o5k brz-css-1vavxa4 brz-wrapper\">\n<div class=\"brz-rich-text brz-rich-text__custom brz-css-uwab1r\" data-brz-custom-id=\"pWntZOYPS0ps\">\n<div data-brz-translate-text=\"1\">\n<p class=\"brz-tp-lg-paragraph brz-css-vV03T\" data-uniq-id=\"l4npU\" data-generated-css=\"brz-css-xwSL_\"><span class=\"brz-cp-color7\">Keine Sorge! Wir \u00fcberwachen alle Fl\u00fcge in Echtzeit. Wenn Ihr Flug Versp\u00e4tung hat, wird Ihr Fahrer automatisch benachrichtigt und passt seinen Zeitplan entsprechend an. Sie m\u00fcssen uns nur kontaktieren, wenn es zu einer l\u00e4ngeren Versp\u00e4tung kommt.<\/span><\/p>\n<\/div>\n<\/div>\n<\/div>\n<\/div>\n<\/div>\n<\/div>\n<div class=\"brz-accordion__item\">\n<div class=\"brz-accordion__nav\" data-brz-collapsible=\"on\">\n<h5 data-brz-translate-text=\"1\" class=\"brz-accordion__nav-title brz-h5 brz-text__editor\">Kann ich f\u00fcr meinen Transfer einen Kindersitz anfordern?<\/h5>\n<\/div>\n<div class=\"brz-accordion__content brz-d-xs-flex brz-flex-xs-column\">\n<div class=\"brz-accordion__item-content brz-d-xs-flex brz-flex-xs-column\">\n<div id=\"\" class=\"brz-css-1hh1o5k brz-css-1lk21k0 brz-wrapper\">\n<div class=\"brz-rich-text brz-rich-text__custom brz-css-uwab1r\" data-brz-custom-id=\"nis4p8RThwmA\">\n<div data-brz-translate-text=\"1\">\n<p class=\"brz-tp-lg-paragraph brz-css-yFmdO\" data-generated-css=\"brz-css-eFYRO\" data-uniq-id=\"oEjIE\"><span class=\"brz-cp-color7\">Auf jeden Fall! Kindersitze stellen wir auf Anfrage kostenlos zur Verf\u00fcgung. Sagen Sie uns einfach w\u00e4hrend des Buchungsvorgangs Bescheid oder informieren Sie unser Kundenserviceteam im Voraus. Wir sorgen daf\u00fcr, dass f\u00fcr Ihre Reise alles bereit ist.<\/span><\/p>\n<\/div>\n<\/div>\n<\/div>\n<\/div>\n<\/div>\n<\/div>\n<div class=\"brz-accordion__item\">\n<div class=\"brz-accordion__nav\" data-brz-collapsible=\"on\">\n<h5 data-brz-translate-text=\"1\" class=\"brz-accordion__nav-title brz-h5 brz-text__editor\">Sind Ihre Fahrer professionell geschult?<\/h5>\n<\/div>\n<div class=\"brz-accordion__content brz-d-xs-flex brz-flex-xs-column\">\n<div class=\"brz-accordion__item-content brz-d-xs-flex brz-flex-xs-column\">\n<div id=\"\" class=\"brz-css-1hh1o5k brz-css-159ymbj brz-wrapper\">\n<div class=\"brz-rich-text brz-rich-text__custom brz-css-uwab1r\" data-brz-custom-id=\"pXsNlhONZjNA\">\n<div data-brz-translate-text=\"1\">\n<p class=\"brz-tp-lg-paragraph brz-css-pKCxY\" data-generated-css=\"brz-css-nSINR\" data-uniq-id=\"fbSbX\"><span class=\"brz-cp-color7\">Ja, alle unsere Fahrer sind sehr erfahren, verf\u00fcgen \u00fcber eine Fahrerlaubnis und werden regelm\u00e4\u00dfig geschult, um Sicherheit und Professionalit\u00e4t zu gew\u00e4hrleisten. Sie kennen auch die besten Routen und sorgen so f\u00fcr eine reibungslose und effiziente Fahrt.<\/span><\/p>\n<\/div>\n<\/div>\n<\/div>\n<\/div>\n<\/div>\n<\/div>\n<div class=\"brz-accordion__item\">\n<div class=\"brz-accordion__nav\" data-brz-collapsible=\"on\">\n<h5 data-brz-translate-text=\"1\" class=\"brz-accordion__nav-title brz-h5 brz-text__editor\">Wie sind Ihre Stornierungsbedingungen?<\/h5>\n<\/div>\n<div class=\"brz-accordion__content brz-d-xs-flex brz-flex-xs-column\">\n<div class=\"brz-accordion__item-content brz-d-xs-flex brz-flex-xs-column\">\n<div id=\"\" class=\"brz-css-1hh1o5k brz-css-1666did brz-wrapper\">\n<div class=\"brz-rich-text brz-rich-text__custom brz-css-uwab1r\" data-brz-custom-id=\"qEoYJ2MBGms8\">\n<div data-brz-translate-text=\"1\">\n<p class=\"brz-tp-lg-paragraph brz-css-vfOHF\" data-generated-css=\"brz-css-mRSd5\" data-uniq-id=\"bh89A\"><span class=\"brz-cp-color7\">Sie k\u00f6nnen Ihre Buchung bis zu 24 Stunden vor dem geplanten Transfer kostenlos stornieren. Wenn Sie innerhalb von 24 Stunden stornieren, f\u00e4llt m\u00f6glicherweise eine geringe Geb\u00fchr an. Weitere Einzelheiten finden Sie in unseren Allgemeinen Gesch\u00e4ftsbedingungen.<\/span><\/p>\n<\/div>\n<\/div>\n<\/div>\n<\/div>\n<\/div>\n<\/div>\n<div class=\"brz-accordion__item\">\n<div class=\"brz-accordion__nav\" data-brz-collapsible=\"on\">\n<h5 data-brz-translate-text=\"1\" class=\"brz-accordion__nav-title brz-h5 brz-text__editor\">Bieten Sie Dienstleistungen f\u00fcr besondere Anl\u00e4sse wie Hochzeiten oder Firmenreisen an?<\/h5>\n<\/div>\n<div class=\"brz-accordion__content brz-d-xs-flex brz-flex-xs-column\">\n<div class=\"brz-accordion__item-content brz-d-xs-flex brz-flex-xs-column\">\n<div id=\"\" class=\"brz-css-1hh1o5k brz-css-ro8s16 brz-wrapper\">\n<div class=\"brz-rich-text brz-rich-text__custom brz-css-uwab1r\" data-brz-custom-id=\"ygK71tXpq29R\">\n<div data-brz-translate-text=\"1\">\n<p class=\"brz-tp-lg-paragraph brz-css-gzF2S\" data-generated-css=\"brz-css-jlcYi\" data-uniq-id=\"r91uK\"><span class=\"brz-cp-color7\">Ja, wir sind auf die Bereitstellung von Transportm\u00f6glichkeiten f\u00fcr besondere Anl\u00e4sse spezialisiert, darunter Hochzeiten, Firmenveranstaltungen und private Touren. Kontaktieren Sie unser Team, um Ihre spezifischen Anforderungen zu besprechen, und wir stellen ein ma\u00dfgeschneidertes Paket zusammen, das Ihren Bed\u00fcrfnissen entspricht.<\/span><\/p>\n<\/div>\n<\/div>\n<\/div>\n<\/div>\n<\/div>\n<\/div>\n<div class=\"brz-accordion__item\">\n<div class=\"brz-accordion__nav\" data-brz-collapsible=\"on\">\n<h5 data-brz-translate-text=\"1\" class=\"brz-accordion__nav-title brz-h5 brz-text__editor\">Wie lange im Voraus sollte ich meinen Transfer buchen?<\/h5>\n<\/div>\n<div class=\"brz-accordion__content brz-d-xs-flex brz-flex-xs-column\">\n<div class=\"brz-accordion__item-content brz-d-xs-flex brz-flex-xs-column\">\n<div id=\"\" class=\"brz-css-1hh1o5k brz-css-15q3p0q brz-wrapper\">\n<div class=\"brz-rich-text brz-rich-text__custom brz-css-uwab1r\" data-brz-custom-id=\"nEQQXmxNpYpx\">\n<div data-brz-translate-text=\"1\">\n<p class=\"brz-tp-lg-paragraph brz-css-iGh9f\" data-generated-css=\"brz-css-q__XD\" data-uniq-id=\"xfpjI\"><span class=\"brz-cp-color7\">Obwohl Last-Minute-Buchungen m\u00f6glich sind, empfehlen wir, mindestens 24\u201348 Stunden im Voraus zu buchen, um die Verf\u00fcgbarkeit sicherzustellen, insbesondere w\u00e4hrend der Hauptreisezeit oder f\u00fcr gr\u00f6\u00dfere Gruppen.<\/span><\/p>\n<\/div>\n<\/div>\n<\/div>\n<\/div>\n<\/div>\n<\/div>\n<div class=\"brz-accordion__item\">\n<div class=\"brz-accordion__nav\" data-brz-collapsible=\"on\">\n<h5 data-brz-translate-text=\"1\" class=\"brz-accordion__nav-title brz-h5 brz-text__editor\">Welche Zahlungsarten akzeptieren Sie?<\/h5>\n<\/div>\n<div class=\"brz-accordion__content brz-d-xs-flex brz-flex-xs-column\">\n<div class=\"brz-accordion__item-content brz-d-xs-flex brz-flex-xs-column\">\n<div id=\"\" class=\"brz-css-1hh1o5k brz-css-rzr9rp brz-wrapper\">\n<div class=\"brz-rich-text brz-rich-text__custom brz-css-uwab1r\" data-brz-custom-id=\"awm5k0RWLU24\">\n<div data-brz-translate-text=\"1\">\n<p class=\"brz-tp-lg-paragraph brz-css-msEIO\" data-generated-css=\"brz-css-iQZV_\" data-uniq-id=\"qBZ90\"><span class=\"brz-cp-color7\">Wir akzeptieren alle g\u00e4ngigen Kreditkarten, Debitkarten und Online-Zahlungsplattformen. Die Zahlung wird sicher \u00fcber unsere Website abgewickelt und Sie erhalten nach Abschluss Ihrer Transaktion eine Quittung.<\/span><\/p>\n<\/div>\n<\/div>\n<\/div>\n<\/div>\n<\/div>\n<\/div>\n<\/div>\n<\/div>\n<\/div>\n<\/div>\n<\/div>\n<\/div>\n<\/div>\n<\/div>\n<\/section>\n<\/div>\n<p>    <!-- version:1740945695 --><\/p>","protected":false},"excerpt":{"rendered":"<p>H\u00e4ufig gestellte Fragen: Wie buche ich einen Transferservice \u00fcber Ihre Website? Einen Transferservice zu buchen ist ganz einfach! Besuchen Sie einfach unsere Website, geben Sie Abholort, Zielort und Reisedatum ein und w\u00e4hlen Sie anschlie\u00dfend Ihren bevorzugten Fahrzeugtyp. Folgen Sie den Anweisungen, um Ihre Buchung abzuschlie\u00dfen. Sie erhalten dann eine Best\u00e4tigungs-E-Mail mit allen Details. Was [\u2026]<\/p>","protected":false},"author":1,"featured_media":0,"parent":0,"menu_order":0,"comment_status":"closed","ping_status":"closed","template":"brizy-blank-template.php","meta":{"footnotes":""},"class_list":["post-15223","page","type-page","status-publish","hentry"],"brizy_media":[{"id":17986,"url":"https:\/\/bluestormtransfer.com\/wp-content\/uploads\/app-bg-img.jpg","name":"app-bg-img.jpg","meta":{"brizy_attachment_uid":"wp-9b53e8c61078b6c3ee916af82ebdc846.jpg","brizy_post_uid":["4dbd40f3498a1549d486be47b39be7da","3e359f1de2fb6e2bc8f558ff5d7e3d42"]}},{"id":18206,"url":"https:\/\/bluestormtransfer.com\/wp-content\/uploads\/bluestorm-018.jpg","name":"bluestorm-018.jpg","meta":{"brizy_attachment_uid":"wp-888d36aa5a6f70af47c08a3c1dbf11ae.jpg","brizy_post_uid":["6d80eb59d9e9b90fd82a721ce2c1a39e","3e359f1de2fb6e2bc8f558ff5d7e3d42","4dbd40f3498a1549d486be47b39be7da"]}}],"_links":{"self":[{"href":"https:\/\/bluestormtransfer.com\/de\/wp-json\/wp\/v2\/pages\/15223","targetHints":{"allow":["GET"]}}],"collection":[{"href":"https:\/\/bluestormtransfer.com\/de\/wp-json\/wp\/v2\/pages"}],"about":[{"href":"https:\/\/bluestormtransfer.com\/de\/wp-json\/wp\/v2\/types\/page"}],"author":[{"embeddable":true,"href":"https:\/\/bluestormtransfer.com\/de\/wp-json\/wp\/v2\/users\/1"}],"replies":[{"embeddable":true,"href":"https:\/\/bluestormtransfer.com\/de\/wp-json\/wp\/v2\/comments?post=15223"}],"version-history":[{"count":0,"href":"https:\/\/bluestormtransfer.com\/de\/wp-json\/wp\/v2\/pages\/15223\/revisions"}],"wp:attachment":[{"href":"https:\/\/bluestormtransfer.com\/de\/wp-json\/wp\/v2\/media?parent=15223"}],"curies":[{"name":"wp","href":"https:\/\/api.w.org\/{rel}","templated":true}]}}